{"id":175,"date":"2026-02-24T13:47:03","date_gmt":"2026-02-24T13:47:03","guid":{"rendered":"http:\/\/www.mac3.ro\/?page_id=175"},"modified":"2026-02-24T13:47:03","modified_gmt":"2026-02-24T13:47:03","slug":"mac3-ciocan-demolator-anti-vibratii-airgo","status":"publish","type":"page","link":"http:\/\/www.mac3.ro\/?page_id=175","title":{"rendered":"MAC3 Ciocan demolator anti-vibra\u021bii AIRGO"},"content":{"rendered":"\n<div class=\"wp-block-group alignfull has-accent-background-color has-background has-global-padding is-layout-constrained wp-container-core-group-is-layout-669513ed wp-block-group-is-layout-constrained\" style=\"margin-top:0;margin-bottom:0;padding-top:var(--wp--preset--spacing--50);padding-right:var(--wp--preset--spacing--50);padding-bottom:var(--wp--preset--spacing--50);padding-left:var(--wp--preset--spacing--50)\">\n<div class=\"wp-block-columns alignwide is-layout-flex wp-container-core-columns-is-layout-1da03c2a wp-block-columns-is-layout-flex\">\n<div class=\"wp-block-column is-vertically-aligned-stretch is-layout-flow wp-block-column-is-layout-flow\" style=\"flex-basis:50%\">\n<div class=\"wp-block-group is-vertical is-content-justification-stretch is-layout-flex wp-container-core-group-is-layout-444d5ee8 wp-block-group-is-layout-flex\" style=\"min-height:100%\">\n<p class=\"has-heading-font-family has-x-large-font-size\" style=\"line-height:1.2\">MAC3 AIRGO anti-vibra\u021bii este un ciocan demolator pneumatic proiectat pentru reducerea riscului de Tulbur\u0103ri Musculo-Scheletice (TMS) \u00een construc\u021bii. <\/p>\n\n\n\n<div class=\"wp-block-group has-global-padding is-content-justification-left is-layout-constrained wp-container-core-group-is-layout-9fe8ed88 wp-block-group-is-layout-constrained\">\n<p class=\"has-text-align-left wp-container-content-0733e5d0\">Echipat cu tehnologie brevetat\u0103 antivibra\u021bii, amortizor de zgomot integrat \u0219i protec\u021bii pentru m\u00e2ini, contribuie la cre\u0219terea siguran\u021bei \u0219i confortului operatorului<\/p>\n<\/div>\n<\/div>\n<\/div>\n\n\n\n<div class=\"wp-block-column is-vertically-aligned-center is-layout-flow wp-block-column-is-layout-flow\" style=\"flex-basis:50%\">\n<figure class=\"wp-block-image size-full is-resized is-style-rounded is-style-rounded--1\"><img loading=\"lazy\" decoding=\"async\" width=\"454\" height=\"341\" src=\"http:\/\/www.mac3.ro\/wp-content\/uploads\/2026\/02\/Screenshot_2026-02-24_133334-removebg-preview-edited.png\" alt=\"\" class=\"wp-image-179\" style=\"aspect-ratio:0.75;object-fit:cover;width:467px;height:auto\" srcset=\"http:\/\/www.mac3.ro\/wp-content\/uploads\/2026\/02\/Screenshot_2026-02-24_133334-removebg-preview-edited.png 454w, http:\/\/www.mac3.ro\/wp-content\/uploads\/2026\/02\/Screenshot_2026-02-24_133334-removebg-preview-edited-300x225.png 300w\" sizes=\"auto, (max-width: 454px) 100vw, 454px\" \/><\/figure>\n<\/div>\n<\/div>\n<\/div>\n\n\n\n<div class=\"wp-block-group alignfull has-base-background-color has-background has-global-padding is-layout-constrained wp-container-core-group-is-layout-d89aad35 wp-block-group-is-layout-constrained\" style=\"margin-top:0;margin-bottom:0;padding-top:var(--wp--preset--spacing--50);padding-right:var(--wp--preset--spacing--50);padding-bottom:var(--wp--preset--spacing--50);padding-left:var(--wp--preset--spacing--50)\">\n<div class=\"wp-block-columns alignwide is-layout-flex wp-container-core-columns-is-layout-549b0c86 wp-block-columns-is-layout-flex\">\n<div class=\"wp-block-column has-global-padding is-content-justification-left is-layout-constrained wp-container-core-column-is-layout-4f15e8fe wp-block-column-is-layout-constrained\" style=\"flex-basis:40%\">\n<figure class=\"wp-block-image size-full is-resized\"><img loading=\"lazy\" decoding=\"async\" width=\"227\" height=\"227\" src=\"http:\/\/www.mac3.ro\/wp-content\/uploads\/2026\/02\/Screenshot-2026-02-24-151126-edited.png\" alt=\"\" class=\"wp-image-182\" style=\"width:260px;height:auto\" srcset=\"http:\/\/www.mac3.ro\/wp-content\/uploads\/2026\/02\/Screenshot-2026-02-24-151126-edited.png 227w, http:\/\/www.mac3.ro\/wp-content\/uploads\/2026\/02\/Screenshot-2026-02-24-151126-edited-150x150.png 150w\" sizes=\"auto, (max-width: 227px) 100vw, 227px\" \/><\/figure>\n<\/div>\n\n\n\n<div class=\"wp-block-column is-layout-flow wp-container-core-column-is-layout-119bc444 wp-block-column-is-layout-flow\" style=\"flex-basis:60%\">\n<p class=\"has-heading-font-family has-x-large-font-size\" style=\"line-height:1.2\">AIRGO &#8211; nou\u0103 genera\u021bie!<\/p>\n\n\n\n<div class=\"wp-block-columns is-layout-flex wp-container-core-columns-is-layout-87beb0d0 wp-block-columns-is-layout-flex\">\n<div class=\"wp-block-column is-layout-flow wp-block-column-is-layout-flow\">\n<p class=\"wp-container-content-9cfa9a5a\">Proiectat pentru performan\u021b\u0103 optim\u0103 \u0219i confort sporit al operatorului, AIRGO\u00ae reduce vibra\u021biile cu p\u00e2n\u0103 la 50%.<\/p>\n\n\n\n<ul class=\"wp-block-list\">\n<li>cu 40% mai pu\u021bine componente fa\u021b\u0103 de modelele conven\u021bionale<\/li>\n\n\n\n<li>echipamentul func\u021bioneaz\u0103 f\u0103r\u0103 aport extern de lubrifiant<\/li>\n\n\n\n<li>sistem eficient de autolubrefiere<\/li>\n<\/ul>\n<\/div>\n\n\n\n<div class=\"wp-block-column is-layout-flow wp-block-column-is-layout-flow\">\n<p>Consum\u0103 cu p\u00e2n\u0103 la 40% mai pu\u021bin aer comprimat.<\/p>\n\n\n\n<p>AIRGO\u00ae este singurul ciocan demolator antivibra\u021bii echipat cu m\u00e2nere fixe, care ofer\u0103 stabilitate \u0219i o experien\u021b\u0103 de utilizare superioar\u0103.<\/p>\n<\/div>\n<\/div>\n<\/div>\n<\/div>\n<\/div>\n\n\n\n<div class=\"wp-block-group alignfull has-accent-5-background-color has-background has-global-padding is-layout-constrained wp-container-core-group-is-layout-d89aad35 wp-block-group-is-layout-constrained\" style=\"margin-top:0;margin-bottom:0;padding-top:var(--wp--preset--spacing--50);padding-right:var(--wp--preset--spacing--50);padding-bottom:var(--wp--preset--spacing--50);padding-left:var(--wp--preset--spacing--50)\">\n<div class=\"wp-block-columns alignwide is-layout-flex wp-container-core-columns-is-layout-1da03c2a wp-block-columns-is-layout-flex\">\n<div class=\"wp-block-column is-vertically-aligned-center is-layout-flow wp-block-column-is-layout-flow\" style=\"flex-basis:60%\">\n<figure class=\"wp-block-image size-full is-resized is-style-rounded is-style-rounded--2\"><img loading=\"lazy\" decoding=\"async\" width=\"493\" height=\"506\" src=\"http:\/\/www.mac3.ro\/wp-content\/uploads\/2026\/02\/Screenshot_2026-02-24_151352-removebg-preview.png\" alt=\"\" class=\"wp-image-185\" style=\"aspect-ratio:1.3333333333333333;object-fit:cover;width:550px;height:auto\" srcset=\"http:\/\/www.mac3.ro\/wp-content\/uploads\/2026\/02\/Screenshot_2026-02-24_151352-removebg-preview.png 493w, http:\/\/www.mac3.ro\/wp-content\/uploads\/2026\/02\/Screenshot_2026-02-24_151352-removebg-preview-292x300.png 292w\" sizes=\"auto, (max-width: 493px) 100vw, 493px\" \/><\/figure>\n<\/div>\n\n\n\n<div class=\"wp-block-column is-layout-flow wp-block-column-is-layout-flow\" style=\"flex-basis:40%\">\n<h3 class=\"wp-block-heading\"><strong>ERGONOMIE RIDICAT\u0102<\/strong><\/h3>\n\n\n\n<div style=\"height:42px\" aria-hidden=\"true\" class=\"wp-block-spacer\"><\/div>\n\n\n\n<ul class=\"wp-block-list\">\n<li>M\u00e2ner fix pentru precizie optim\u0103 \u00een execu\u021bie<\/li>\n\n\n\n<li>Sistem de siguran\u021b\u0103 integrat \u00een mecanismul de ac\u021bionare (tr\u0103gaci)<\/li>\n\n\n\n<li>Tehnologie brevetat\u0103 de reducere a vibra\u021biilor<\/li>\n\n\n\n<li>Sistem de protec\u021bie a m\u00e2inilor<\/li>\n\n\n\n<li>Amortizor de zgomot cu reducere a nivelului sonor de p\u00e2n\u0103 la 50%<\/li>\n\n\n\n<li>Cilindru monobloc prelucrat integral din material masiv<\/li>\n<\/ul>\n<\/div>\n<\/div>\n<\/div>\n\n\n\n<div class=\"wp-block-group alignfull has-global-padding is-layout-constrained wp-container-core-group-is-layout-d89aad35 wp-block-group-is-layout-constrained\" style=\"margin-top:0;margin-bottom:0;padding-top:var(--wp--preset--spacing--50);padding-right:var(--wp--preset--spacing--50);padding-bottom:var(--wp--preset--spacing--50);padding-left:var(--wp--preset--spacing--50)\">\n<div class=\"wp-block-group alignwide has-base-2-background-color has-background is-layout-flow wp-block-group-is-layout-flow\" style=\"border-radius:16px;padding-top:var(--wp--preset--spacing--50);padding-right:var(--wp--preset--spacing--50);padding-bottom:var(--wp--preset--spacing--50);padding-left:var(--wp--preset--spacing--50)\">\n<h2 class=\"wp-block-heading has-text-align-center\">Aplica\u021bii<\/h2>\n\n\n\n<div style=\"height:var(--wp--preset--spacing--10)\" aria-hidden=\"true\" class=\"wp-block-spacer\"><\/div>\n\n\n\n<div class=\"wp-block-group alignwide is-content-justification-center is-layout-flex wp-container-core-group-is-layout-f95ffa09 wp-block-group-is-layout-flex\" style=\"padding-top:0;padding-right:0;padding-bottom:0;padding-left:0\">\n<div class=\"wp-block-group has-global-padding is-layout-constrained wp-block-group-is-layout-constrained\">\n<figure class=\"wp-block-image size-full is-resized\"><img loading=\"lazy\" decoding=\"async\" width=\"426\" height=\"330\" src=\"http:\/\/www.mac3.ro\/wp-content\/uploads\/2026\/02\/Screenshot_2026-02-24_152007-removebg-preview.png\" alt=\"\" class=\"wp-image-189\" style=\"aspect-ratio:4\/3;object-fit:contain;width:150px\" srcset=\"http:\/\/www.mac3.ro\/wp-content\/uploads\/2026\/02\/Screenshot_2026-02-24_152007-removebg-preview.png 426w, http:\/\/www.mac3.ro\/wp-content\/uploads\/2026\/02\/Screenshot_2026-02-24_152007-removebg-preview-300x232.png 300w\" sizes=\"auto, (max-width: 426px) 100vw, 426px\" \/><\/figure>\n\n\n\n<h4 class=\"wp-block-heading has-text-align-center\">PIATR\u0102<\/h4>\n<\/div>\n\n\n\n<div class=\"wp-block-group has-global-padding is-layout-constrained wp-block-group-is-layout-constrained\">\n<figure class=\"wp-block-image size-full is-resized\"><img loading=\"lazy\" decoding=\"async\" width=\"422\" height=\"376\" src=\"http:\/\/www.mac3.ro\/wp-content\/uploads\/2026\/02\/Screenshot_2026-02-24_152002-removebg-preview.png\" alt=\"\" class=\"wp-image-190\" style=\"aspect-ratio:4\/3;object-fit:contain;width:150px\" srcset=\"http:\/\/www.mac3.ro\/wp-content\/uploads\/2026\/02\/Screenshot_2026-02-24_152002-removebg-preview.png 422w, http:\/\/www.mac3.ro\/wp-content\/uploads\/2026\/02\/Screenshot_2026-02-24_152002-removebg-preview-300x267.png 300w\" sizes=\"auto, (max-width: 422px) 100vw, 422px\" \/><\/figure>\n\n\n\n<h4 class=\"wp-block-heading has-text-align-center\">BETON<\/h4>\n<\/div>\n\n\n\n<div class=\"wp-block-group has-global-padding is-layout-constrained wp-block-group-is-layout-constrained\">\n<figure class=\"wp-block-image size-full is-resized\"><img loading=\"lazy\" decoding=\"async\" width=\"432\" height=\"320\" src=\"http:\/\/www.mac3.ro\/wp-content\/uploads\/2026\/02\/Screenshot_2026-02-24_151954-removebg-preview.png\" alt=\"\" class=\"wp-image-191\" style=\"aspect-ratio:4\/3;object-fit:contain;width:150px\" srcset=\"http:\/\/www.mac3.ro\/wp-content\/uploads\/2026\/02\/Screenshot_2026-02-24_151954-removebg-preview.png 432w, http:\/\/www.mac3.ro\/wp-content\/uploads\/2026\/02\/Screenshot_2026-02-24_151954-removebg-preview-300x222.png 300w\" sizes=\"auto, (max-width: 432px) 100vw, 432px\" \/><\/figure>\n\n\n\n<h4 class=\"wp-block-heading has-text-align-center\">ASFALT<\/h4>\n<\/div>\n<\/div>\n\n\n\n<div style=\"height:32px\" aria-hidden=\"true\" class=\"wp-block-spacer\"><\/div>\n\n\n\n<h2 class=\"wp-block-heading has-text-align-center\">Specifica\u021bii<\/h2>\n\n\n\n<div class=\"wp-block-columns is-layout-flex wp-container-core-columns-is-layout-28f84493 wp-block-columns-is-layout-flex\">\n<div class=\"wp-block-column is-layout-flow wp-block-column-is-layout-flow\" style=\"flex-basis:100%\">\n<figure class=\"wp-block-table\"><table class=\"has-fixed-layout\"><tbody><tr><td>Model<\/td><td class=\"has-text-align-center\" data-align=\"center\"><strong>greutate<\/strong><\/td><td><strong>lungime<\/strong><\/td><td><strong>frecven\u021b\u0103 de percu\u021bie<\/strong><\/td><td><strong>consum de aer comprimat<\/strong><\/td><td><strong>nivel vibra\u021bii<\/strong><\/td><td>tip <strong>prindere<\/strong><\/td><\/tr><tr><td><\/td><td class=\"has-text-align-center\" data-align=\"center\">kg<\/td><td>mm<\/td><td>bpm<\/td><td>l\/min<\/td><td>m\/s2<\/td><td>mm<\/td><\/tr><tr><td>AIRGO 15T<\/td><td class=\"has-text-align-center\" data-align=\"center\">21<\/td><td>664<\/td><td>1000<\/td><td>1200<\/td><td>&lt;5<\/td><td>22 X 82<\/td><\/tr><tr><td>AIRGO 20T<\/td><td class=\"has-text-align-center\" data-align=\"center\">21,5<\/td><td>690<\/td><td>1000<\/td><td>1200<\/td><td>&lt;5<\/td><td>25 X 108<\/td><\/tr><\/tbody><\/table><\/figure>\n<\/div>\n<\/div>\n<\/div>\n<\/div>\n","protected":false},"excerpt":{"rendered":"<p>MAC3 AIRGO anti-vibra\u021bii este un ciocan demolator pneumatic proiectat pentru reducerea riscului de Tulbur\u0103ri Musculo-Scheletice (TMS) \u00een construc\u021bii. Echipat cu tehnologie brevetat\u0103 antivibra\u021bii, amortizor de zgomot integrat \u0219i protec\u021bii pentru m\u00e2ini, contribuie la cre\u0219terea siguran\u021bei \u0219i confortului operatorului AIRGO &#8211; nou\u0103 genera\u021bie! Proiectat pentru performan\u021b\u0103 optim\u0103 \u0219i confort sporit al operatorului, AIRGO\u00ae reduce vibra\u021biile cu [&hellip;]<\/p>\n","protected":false},"author":1,"featured_media":0,"parent":0,"menu_order":0,"comment_status":"closed","ping_status":"closed","template":"","meta":{"footnotes":""},"class_list":["post-175","page","type-page","status-publish","hentry"],"_links":{"self":[{"href":"http:\/\/www.mac3.ro\/index.php?rest_route=\/wp\/v2\/pages\/175","targetHints":{"allow":["GET"]}}],"collection":[{"href":"http:\/\/www.mac3.ro\/index.php?rest_route=\/wp\/v2\/pages"}],"about":[{"href":"http:\/\/www.mac3.ro\/index.php?rest_route=\/wp\/v2\/types\/page"}],"author":[{"embeddable":true,"href":"http:\/\/www.mac3.ro\/index.php?rest_route=\/wp\/v2\/users\/1"}],"replies":[{"embeddable":true,"href":"http:\/\/www.mac3.ro\/index.php?rest_route=%2Fwp%2Fv2%2Fcomments&post=175"}],"version-history":[{"count":15,"href":"http:\/\/www.mac3.ro\/index.php?rest_route=\/wp\/v2\/pages\/175\/revisions"}],"predecessor-version":[{"id":225,"href":"http:\/\/www.mac3.ro\/index.php?rest_route=\/wp\/v2\/pages\/175\/revisions\/225"}],"wp:attachment":[{"href":"http:\/\/www.mac3.ro\/index.php?rest_route=%2Fwp%2Fv2%2Fmedia&parent=175"}],"curies":[{"name":"wp","href":"https:\/\/api.w.org\/{rel}","templated":true}]}}