{"id":2,"date":"2025-10-09T10:15:55","date_gmt":"2025-10-09T10:15:55","guid":{"rendered":"http:\/\/www.mac3.ro\/?page_id=2"},"modified":"2026-02-19T09:46:09","modified_gmt":"2026-02-19T09:46:09","slug":"sample-page","status":"publish","type":"page","link":"http:\/\/www.mac3.ro\/?page_id=2","title":{"rendered":"Gama de compresoare MAC3 industriale acum \u00een Rom\u00e2nia"},"content":{"rendered":"\n<p>Compresoarele mobile MAC3, cu aer comprimat sunt potrivite pentru domeniul construc\u021biilor, pentru \u0219antiere, cu debite \u00eentre 1 \u0219i 12 m\u00b3\/min. MAC3 ofer\u0103 o gam\u0103 complet\u0103 de unelte pneumatice \u0219i ciocane de d\u0103ltuit, dezvoltate \u00een Fran\u021ba. <\/p>\n\n\n\n<div style=\"height:41px\" aria-hidden=\"true\" class=\"wp-block-spacer\"><\/div>\n\n\n\n<h3 class=\"wp-block-heading has-text-align-center\"><strong>Compresoare portabile<\/strong> <strong>din gama MAC3<\/strong><\/h3>\n\n\n\n<hr class=\"wp-block-separator has-alpha-channel-opacity\"\/>\n\n\n\n<div style=\"height:25px\" aria-hidden=\"true\" class=\"wp-block-spacer\"><\/div>\n\n\n\n<div class=\"wp-block-group is-nowrap is-layout-flex wp-container-core-group-is-layout-6c531013 wp-block-group-is-layout-flex\">\n<div class=\"wp-block-group has-global-padding is-layout-constrained wp-block-group-is-layout-constrained\">\n<figure class=\"wp-block-image size-large is-resized\"><img loading=\"lazy\" decoding=\"async\" width=\"1477\" height=\"1476\" src=\"http:\/\/www.mac3.ro\/wp-content\/uploads\/2025\/10\/MSP1300-2-edited.png\" alt=\"\" class=\"wp-image-47\" style=\"width:320px;height:auto\" srcset=\"http:\/\/www.mac3.ro\/wp-content\/uploads\/2025\/10\/MSP1300-2-edited.png 1477w, http:\/\/www.mac3.ro\/wp-content\/uploads\/2025\/10\/MSP1300-2-edited-300x300.png 300w, http:\/\/www.mac3.ro\/wp-content\/uploads\/2025\/10\/MSP1300-2-edited-1024x1024.png 1024w, http:\/\/www.mac3.ro\/wp-content\/uploads\/2025\/10\/MSP1300-2-edited-150x150.png 150w, http:\/\/www.mac3.ro\/wp-content\/uploads\/2025\/10\/MSP1300-2-edited-768x767.png 768w\" sizes=\"auto, (max-width: 1477px) 100vw, 1477px\" \/><\/figure>\n\n\n\n<div class=\"wp-block-group has-global-padding is-layout-constrained wp-block-group-is-layout-constrained\">\n<h4 class=\"wp-block-heading has-text-align-center\"><strong>Compresor de aer portabil MAC3 MSP1300<\/strong><\/h4>\n\n\n\n<div class=\"wp-block-buttons is-content-justification-center is-layout-flex wp-container-core-buttons-is-layout-a89b3969 wp-block-buttons-is-layout-flex\">\n<div class=\"wp-block-button has-custom-width wp-block-button__width-50\"><a class=\"wp-block-button__link wp-element-button\" href=\"http:\/\/www.mac3.ro\/?page_id=56\">Vizualiza\u021bi model<\/a><\/div>\n<\/div>\n<\/div>\n<\/div>\n\n\n\n<div style=\"height:100px;width:27px\" aria-hidden=\"true\" class=\"wp-block-spacer wp-container-content-8a389b04\"><\/div>\n<\/div>\n\n\n\n<div style=\"height:42px\" aria-hidden=\"true\" class=\"wp-block-spacer\"><\/div>\n\n\n\n<div class=\"wp-block-group is-nowrap is-layout-flex wp-container-core-group-is-layout-6c531013 wp-block-group-is-layout-flex\">\n<div class=\"wp-block-group has-global-padding is-layout-constrained wp-block-group-is-layout-constrained\">\n<figure class=\"wp-block-image size-full\"><img loading=\"lazy\" decoding=\"async\" width=\"649\" height=\"422\" src=\"http:\/\/www.mac3.ro\/wp-content\/uploads\/2025\/10\/image-1.png\" alt=\"\" class=\"wp-image-69\" srcset=\"http:\/\/www.mac3.ro\/wp-content\/uploads\/2025\/10\/image-1.png 649w, http:\/\/www.mac3.ro\/wp-content\/uploads\/2025\/10\/image-1-300x195.png 300w\" sizes=\"auto, (max-width: 649px) 100vw, 649px\" \/><\/figure>\n\n\n\n<div class=\"wp-block-group has-global-padding is-layout-constrained wp-block-group-is-layout-constrained\">\n<h4 class=\"wp-block-heading\"><strong>Compresor de aer portabil MAC3 MSP 2000-3000<\/strong><\/h4>\n\n\n\n<div class=\"wp-block-buttons is-content-justification-center is-layout-flex wp-container-core-buttons-is-layout-a89b3969 wp-block-buttons-is-layout-flex\">\n<div class=\"wp-block-button\"><a class=\"wp-block-button__link wp-element-button\" href=\"http:\/\/www.mac3.ro\/?page_id=63\">Vizualiza\u021bi modele<\/a><\/div>\n<\/div>\n<\/div>\n<\/div>\n<\/div>\n\n\n\n<div style=\"height:57px\" aria-hidden=\"true\" class=\"wp-block-spacer\"><\/div>\n\n\n\n<div class=\"wp-block-group is-nowrap is-layout-flex wp-container-core-group-is-layout-6c531013 wp-block-group-is-layout-flex\">\n<div class=\"wp-block-group has-global-padding is-layout-constrained wp-block-group-is-layout-constrained\">\n<figure class=\"wp-block-image size-large is-resized\"><img loading=\"lazy\" decoding=\"async\" width=\"2560\" height=\"2560\" src=\"http:\/\/www.mac3.ro\/wp-content\/uploads\/2025\/10\/MSP4000-STAGE-V-edited-scaled.png\" alt=\"\" class=\"wp-image-49\" style=\"width:313px;height:auto\" srcset=\"http:\/\/www.mac3.ro\/wp-content\/uploads\/2025\/10\/MSP4000-STAGE-V-edited-scaled.png 2560w, http:\/\/www.mac3.ro\/wp-content\/uploads\/2025\/10\/MSP4000-STAGE-V-edited-300x300.png 300w, http:\/\/www.mac3.ro\/wp-content\/uploads\/2025\/10\/MSP4000-STAGE-V-edited-1024x1024.png 1024w, http:\/\/www.mac3.ro\/wp-content\/uploads\/2025\/10\/MSP4000-STAGE-V-edited-150x150.png 150w, http:\/\/www.mac3.ro\/wp-content\/uploads\/2025\/10\/MSP4000-STAGE-V-edited-768x768.png 768w, http:\/\/www.mac3.ro\/wp-content\/uploads\/2025\/10\/MSP4000-STAGE-V-edited-1536x1536.png 1536w, http:\/\/www.mac3.ro\/wp-content\/uploads\/2025\/10\/MSP4000-STAGE-V-edited-2048x2048.png 2048w\" sizes=\"auto, (max-width: 2560px) 100vw, 2560px\" \/><\/figure>\n\n\n\n<div class=\"wp-block-group has-global-padding is-layout-constrained wp-block-group-is-layout-constrained\">\n<h4 class=\"wp-block-heading\"><strong>Compresor de aer portabil MAC3 MSP4000<\/strong><\/h4>\n\n\n\n<div class=\"wp-block-buttons is-content-justification-center is-layout-flex wp-container-core-buttons-is-layout-a89b3969 wp-block-buttons-is-layout-flex\">\n<div class=\"wp-block-button\"><a class=\"wp-block-button__link wp-element-button\" href=\"http:\/\/www.mac3.ro\/?page_id=84\">Vizualiza\u021bi model<\/a><\/div>\n<\/div>\n<\/div>\n<\/div>\n\n\n\n<div style=\"height:100px;width:21px\" aria-hidden=\"true\" class=\"wp-block-spacer wp-container-content-a94db315\"><\/div>\n<\/div>\n\n\n\n<div style=\"height:55px\" aria-hidden=\"true\" class=\"wp-block-spacer\"><\/div>\n\n\n\n<div class=\"wp-block-group is-nowrap is-layout-flex wp-container-core-group-is-layout-6c531013 wp-block-group-is-layout-flex\">\n<div class=\"wp-block-group has-global-padding is-layout-constrained wp-block-group-is-layout-constrained\">\n<figure class=\"wp-block-image size-large is-resized\"><img loading=\"lazy\" decoding=\"async\" width=\"1024\" height=\"751\" src=\"http:\/\/www.mac3.ro\/wp-content\/uploads\/2025\/10\/MSP5000-1-1024x751.png\" alt=\"\" class=\"wp-image-50\" style=\"width:382px;height:auto\" srcset=\"http:\/\/www.mac3.ro\/wp-content\/uploads\/2025\/10\/MSP5000-1-1024x751.png 1024w, http:\/\/www.mac3.ro\/wp-content\/uploads\/2025\/10\/MSP5000-1-300x220.png 300w, http:\/\/www.mac3.ro\/wp-content\/uploads\/2025\/10\/MSP5000-1-768x563.png 768w, http:\/\/www.mac3.ro\/wp-content\/uploads\/2025\/10\/MSP5000-1-1536x1126.png 1536w, http:\/\/www.mac3.ro\/wp-content\/uploads\/2025\/10\/MSP5000-1-2048x1501.png 2048w\" sizes=\"auto, (max-width: 1024px) 100vw, 1024px\" \/><\/figure>\n\n\n\n<div class=\"wp-block-group has-global-padding is-layout-constrained wp-block-group-is-layout-constrained\">\n<h4 class=\"wp-block-heading\"><strong>Compresor de aer portabil MAC3 MSP 5000<\/strong><\/h4>\n\n\n\n<div class=\"wp-block-buttons is-content-justification-center is-layout-flex wp-container-core-buttons-is-layout-a89b3969 wp-block-buttons-is-layout-flex\">\n<div class=\"wp-block-button\"><a class=\"wp-block-button__link wp-element-button\">Vizualiza\u021bi model<\/a><\/div>\n<\/div>\n<\/div>\n<\/div>\n<\/div>\n\n\n\n<div style=\"height:54px\" aria-hidden=\"true\" class=\"wp-block-spacer\"><\/div>\n\n\n\n<p><\/p>\n","protected":false},"excerpt":{"rendered":"<p>Compresoarele mobile MAC3, cu aer comprimat sunt potrivite pentru domeniul construc\u021biilor, pentru \u0219antiere, cu debite \u00eentre 1 \u0219i 12 m\u00b3\/min. MAC3 ofer\u0103 o gam\u0103 complet\u0103 de unelte pneumatice \u0219i ciocane de d\u0103ltuit, dezvoltate \u00een Fran\u021ba. Compresoare portabile din gama MAC3 Compresor de aer portabil MAC3 MSP1300 Compresor de aer portabil MAC3 MSP 2000-3000 Compresor de [&hellip;]<\/p>\n","protected":false},"author":1,"featured_media":0,"parent":0,"menu_order":0,"comment_status":"closed","ping_status":"open","template":"","meta":{"footnotes":""},"class_list":["post-2","page","type-page","status-publish","hentry"],"_links":{"self":[{"href":"http:\/\/www.mac3.ro\/index.php?rest_route=\/wp\/v2\/pages\/2","targetHints":{"allow":["GET"]}}],"collection":[{"href":"http:\/\/www.mac3.ro\/index.php?rest_route=\/wp\/v2\/pages"}],"about":[{"href":"http:\/\/www.mac3.ro\/index.php?rest_route=\/wp\/v2\/types\/page"}],"author":[{"embeddable":true,"href":"http:\/\/www.mac3.ro\/index.php?rest_route=\/wp\/v2\/users\/1"}],"replies":[{"embeddable":true,"href":"http:\/\/www.mac3.ro\/index.php?rest_route=%2Fwp%2Fv2%2Fcomments&post=2"}],"version-history":[{"count":9,"href":"http:\/\/www.mac3.ro\/index.php?rest_route=\/wp\/v2\/pages\/2\/revisions"}],"predecessor-version":[{"id":115,"href":"http:\/\/www.mac3.ro\/index.php?rest_route=\/wp\/v2\/pages\/2\/revisions\/115"}],"wp:attachment":[{"href":"http:\/\/www.mac3.ro\/index.php?rest_route=%2Fwp%2Fv2%2Fmedia&parent=2"}],"curies":[{"name":"wp","href":"https:\/\/api.w.org\/{rel}","templated":true}]}}