{"id":202,"date":"2026-02-27T11:45:30","date_gmt":"2026-02-27T11:45:30","guid":{"rendered":"http:\/\/www.mac3.ro\/?page_id=202"},"modified":"2026-02-27T11:45:30","modified_gmt":"2026-02-27T11:45:30","slug":"mac3-picamer-anti-vibratii","status":"publish","type":"page","link":"http:\/\/www.mac3.ro\/?page_id=202","title":{"rendered":"MAC3 Picamer anti-vibra\u021bii"},"content":{"rendered":"\n<div class=\"wp-block-group alignfull has-accent-background-color has-background has-global-padding is-layout-constrained wp-container-core-group-is-layout-669513ed wp-block-group-is-layout-constrained\" style=\"margin-top:0;margin-bottom:0;padding-top:var(--wp--preset--spacing--50);padding-right:var(--wp--preset--spacing--50);padding-bottom:var(--wp--preset--spacing--50);padding-left:var(--wp--preset--spacing--50)\">\n<div class=\"wp-block-columns alignwide is-layout-flex wp-container-core-columns-is-layout-1da03c2a wp-block-columns-is-layout-flex\">\n<div class=\"wp-block-column is-vertically-aligned-stretch is-layout-flow wp-block-column-is-layout-flow\" style=\"flex-basis:50%\">\n<div class=\"wp-block-group is-vertical is-content-justification-stretch is-layout-flex wp-container-core-group-is-layout-444d5ee8 wp-block-group-is-layout-flex\" style=\"min-height:100%\">\n<p class=\"has-heading-font-family has-x-large-font-size\" style=\"line-height:1.2\"><strong>AIRGO<\/strong> este un echipament dezvoltat special pentru prevenirea TMS (Tulbur\u0103ri Musculo-Scheletice), frecvent \u00eent\u00e2lnite \u00een sectorul construc\u021biilor.<\/p>\n\n\n\n<div class=\"wp-block-group has-global-padding is-content-justification-left is-layout-constrained wp-container-core-group-is-layout-9fe8ed88 wp-block-group-is-layout-constrained\">\n<p class=\"wp-container-content-0733e5d0\">Datorit\u0103 tehnologiei brevetate de reducere a vibra\u021biilor, amortizorului integrat \u0219i sistemelor de protec\u021bie pentru m\u00e2ini, ciocanul demolator <strong>AIRGO\u00ae<\/strong> se aliniaz\u0103 perfect demersului \u201eCaring for People\u201d ini\u021biat de MAC3.<\/p>\n<\/div>\n<\/div>\n<\/div>\n\n\n\n<div class=\"wp-block-column is-vertically-aligned-center is-layout-flow wp-block-column-is-layout-flow\" style=\"flex-basis:50%\">\n<figure class=\"wp-block-image size-full is-resized is-style-rounded is-style-rounded--1\"><img loading=\"lazy\" decoding=\"async\" width=\"454\" height=\"341\" src=\"http:\/\/www.mac3.ro\/wp-content\/uploads\/2026\/02\/Screenshot_2026-02-24_133334-removebg-preview-1-edited.png\" alt=\"\" class=\"wp-image-206\" style=\"aspect-ratio:0.75;object-fit:cover;width:493px;height:auto\" srcset=\"http:\/\/www.mac3.ro\/wp-content\/uploads\/2026\/02\/Screenshot_2026-02-24_133334-removebg-preview-1-edited.png 454w, http:\/\/www.mac3.ro\/wp-content\/uploads\/2026\/02\/Screenshot_2026-02-24_133334-removebg-preview-1-edited-300x225.png 300w\" sizes=\"auto, (max-width: 454px) 100vw, 454px\" \/><\/figure>\n<\/div>\n<\/div>\n<\/div>\n\n\n\n<div class=\"wp-block-group alignfull has-base-background-color has-background has-global-padding is-layout-constrained wp-container-core-group-is-layout-d89aad35 wp-block-group-is-layout-constrained\" style=\"margin-top:0;margin-bottom:0;padding-top:var(--wp--preset--spacing--50);padding-right:var(--wp--preset--spacing--50);padding-bottom:var(--wp--preset--spacing--50);padding-left:var(--wp--preset--spacing--50)\">\n<div class=\"wp-block-columns alignwide is-layout-flex wp-container-core-columns-is-layout-549b0c86 wp-block-columns-is-layout-flex\">\n<div class=\"wp-block-column has-global-padding is-content-justification-left is-layout-constrained wp-container-core-column-is-layout-4f15e8fe wp-block-column-is-layout-constrained\" style=\"flex-basis:40%\">\n<figure class=\"wp-block-image size-full\"><img loading=\"lazy\" decoding=\"async\" width=\"439\" height=\"344\" src=\"http:\/\/www.mac3.ro\/wp-content\/uploads\/2026\/02\/Screenshot-2026-02-27-133223.png\" alt=\"\" class=\"wp-image-211\" srcset=\"http:\/\/www.mac3.ro\/wp-content\/uploads\/2026\/02\/Screenshot-2026-02-27-133223.png 439w, http:\/\/www.mac3.ro\/wp-content\/uploads\/2026\/02\/Screenshot-2026-02-27-133223-300x235.png 300w\" sizes=\"auto, (max-width: 439px) 100vw, 439px\" \/><\/figure>\n<\/div>\n\n\n\n<div class=\"wp-block-column is-layout-flow wp-container-core-column-is-layout-119bc444 wp-block-column-is-layout-flow\" style=\"flex-basis:60%\">\n<p class=\"has-heading-font-family has-x-large-font-size\" style=\"line-height:1.2\">MAC3 Anti-vibra\u021bii<\/p>\n\n\n\n<div class=\"wp-block-columns is-layout-flex wp-container-core-columns-is-layout-87beb0d0 wp-block-columns-is-layout-flex\">\n<div class=\"wp-block-column is-layout-flow wp-block-column-is-layout-flow\">\n<p class=\"wp-container-content-9cfa9a5a\">Ciocanul MAC3 demolator antivibra\u021bii reduce nivelul vibra\u021biilor cu 70%.<\/p>\n\n\n\n<ul class=\"wp-block-list\">\n<li>men\u021bine performan\u021be echivalente cu cele ale ciocanelor demolatoare standard.<\/li>\n\n\n\n<li>design eficient energetic, consumul de aer comprimat este redus cu 40%.<\/li>\n<\/ul>\n<\/div>\n\n\n\n<div class=\"wp-block-column is-layout-flow wp-block-column-is-layout-flow\">\n<ul class=\"wp-block-list\">\n<li>40% mai pu\u021bine componente mobile<\/li>\n\n\n\n<li>necesit\u0103 0% lubrifiant pentru func\u021bionare Calitatea superioar\u0103 a o\u021belului utilizat asigur\u0103 o autolubrifiere optim\u0103, ceea ce confer\u0103 sculei performan\u021b\u0103 ridicat\u0103 \u0219i durabilitate extins\u0103.<\/li>\n<\/ul>\n<\/div>\n<\/div>\n<\/div>\n<\/div>\n<\/div>\n\n\n\n<div class=\"wp-block-group alignfull has-global-padding is-layout-constrained wp-container-core-group-is-layout-669513ed wp-block-group-is-layout-constrained\" style=\"margin-top:0;margin-bottom:0;padding-top:var(--wp--preset--spacing--50);padding-right:var(--wp--preset--spacing--50);padding-bottom:var(--wp--preset--spacing--50);padding-left:var(--wp--preset--spacing--50)\">\n<div class=\"wp-block-group is-vertical is-content-justification-center is-layout-flex wp-container-core-group-is-layout-ce155fab wp-block-group-is-layout-flex\">\n<h2 class=\"wp-block-heading has-text-align-center has-xx-large-font-size\">Aplicatii<\/h2>\n<\/div>\n\n\n\n<div style=\"height:var(--wp--preset--spacing--30)\" aria-hidden=\"true\" class=\"wp-block-spacer\"><\/div>\n\n\n\n<div class=\"wp-block-columns alignwide is-layout-flex wp-container-core-columns-is-layout-4935966c wp-block-columns-is-layout-flex\" style=\"padding-right:0;padding-left:0\">\n<div class=\"wp-block-column is-layout-flow wp-block-column-is-layout-flow\">\n<figure class=\"wp-block-image size-full is-style-rounded is-style-rounded--2\"><img loading=\"lazy\" decoding=\"async\" width=\"432\" height=\"320\" src=\"http:\/\/www.mac3.ro\/wp-content\/uploads\/2026\/02\/Screenshot_2026-02-24_151954-removebg-preview-1.png\" alt=\"\" class=\"wp-image-213\" style=\"aspect-ratio:1;object-fit:cover\" srcset=\"http:\/\/www.mac3.ro\/wp-content\/uploads\/2026\/02\/Screenshot_2026-02-24_151954-removebg-preview-1.png 432w, http:\/\/www.mac3.ro\/wp-content\/uploads\/2026\/02\/Screenshot_2026-02-24_151954-removebg-preview-1-300x222.png 300w\" sizes=\"auto, (max-width: 432px) 100vw, 432px\" \/><\/figure>\n\n\n\n<div class=\"wp-block-group is-vertical is-content-justification-center is-nowrap is-layout-flex wp-container-core-group-is-layout-21d4e958 wp-block-group-is-layout-flex\">\n<p class=\"has-text-align-center has-small-font-size\"><strong>ASFALT<\/strong><\/p>\n\n\n\n<p class=\"has-text-align-center has-small-font-size\"><\/p>\n<\/div>\n<\/div>\n\n\n\n<div class=\"wp-block-column is-layout-flow wp-block-column-is-layout-flow\">\n<figure class=\"wp-block-image size-full is-style-rounded is-style-rounded--3\"><img loading=\"lazy\" decoding=\"async\" width=\"426\" height=\"330\" src=\"http:\/\/www.mac3.ro\/wp-content\/uploads\/2026\/02\/Screenshot_2026-02-24_152007-removebg-preview-1.png\" alt=\"\" class=\"wp-image-214\" style=\"aspect-ratio:1;object-fit:cover\" srcset=\"http:\/\/www.mac3.ro\/wp-content\/uploads\/2026\/02\/Screenshot_2026-02-24_152007-removebg-preview-1.png 426w, http:\/\/www.mac3.ro\/wp-content\/uploads\/2026\/02\/Screenshot_2026-02-24_152007-removebg-preview-1-300x232.png 300w\" sizes=\"auto, (max-width: 426px) 100vw, 426px\" \/><\/figure>\n\n\n\n<div class=\"wp-block-group is-vertical is-content-justification-center is-nowrap is-layout-flex wp-container-core-group-is-layout-63bfd6c1 wp-block-group-is-layout-flex\">\n<p class=\"has-text-align-center has-small-font-size\"><strong>PIATRA<\/strong><\/p>\n\n\n\n<p class=\"has-text-align-center has-small-font-size\"><\/p>\n<\/div>\n<\/div>\n\n\n\n<div class=\"wp-block-column is-layout-flow wp-block-column-is-layout-flow\">\n<figure class=\"wp-block-image size-full is-style-rounded is-style-rounded--4\"><img loading=\"lazy\" decoding=\"async\" width=\"422\" height=\"376\" src=\"http:\/\/www.mac3.ro\/wp-content\/uploads\/2026\/02\/Screenshot_2026-02-24_152002-removebg-preview-1.png\" alt=\"\" class=\"wp-image-215\" style=\"aspect-ratio:1;object-fit:cover\" srcset=\"http:\/\/www.mac3.ro\/wp-content\/uploads\/2026\/02\/Screenshot_2026-02-24_152002-removebg-preview-1.png 422w, http:\/\/www.mac3.ro\/wp-content\/uploads\/2026\/02\/Screenshot_2026-02-24_152002-removebg-preview-1-300x267.png 300w\" sizes=\"auto, (max-width: 422px) 100vw, 422px\" \/><\/figure>\n\n\n\n<div class=\"wp-block-group is-vertical is-content-justification-center is-nowrap is-layout-flex wp-container-core-group-is-layout-63bfd6c1 wp-block-group-is-layout-flex\">\n<p class=\"has-text-align-center has-small-font-size\">BETON<\/p>\n<\/div>\n<\/div>\n<\/div>\n<\/div>\n\n\n\n<div class=\"wp-block-group alignfull has-global-padding is-layout-constrained wp-container-core-group-is-layout-d89aad35 wp-block-group-is-layout-constrained\" style=\"margin-top:0;margin-bottom:0;padding-top:var(--wp--preset--spacing--50);padding-right:var(--wp--preset--spacing--50);padding-bottom:var(--wp--preset--spacing--50);padding-left:var(--wp--preset--spacing--50)\">\n<div class=\"wp-block-group alignwide has-base-2-background-color has-background is-layout-flow wp-block-group-is-layout-flow\" style=\"border-radius:16px;padding-top:var(--wp--preset--spacing--50);padding-right:var(--wp--preset--spacing--50);padding-bottom:var(--wp--preset--spacing--50);padding-left:var(--wp--preset--spacing--50)\">\n<h2 class=\"wp-block-heading has-text-align-center\"><strong>Specificatii tehnice<\/strong><\/h2>\n\n\n\n<figure class=\"wp-block-table\"><table class=\"has-fixed-layout\"><tbody><tr><td>Model<\/td><td>atenuator<\/td><td>siguranta<\/td><td>greutate (kg)<\/td><td>lungime (mm)<\/td><td>cadenta (bpm)<\/td><td>consum de aer (l\/min)<\/td><td>tip prindere<\/td><td>dimensiune prindere (mm)<\/td><\/tr><tr><td>BB20<\/td><td>standard<\/td><td>optional<\/td><td>20.9<\/td><td>660<\/td><td>1300<\/td><td>1100<\/td><td>HEX<\/td><td>25 \u00d7 108<\/td><\/tr><tr><td>BB25 \u2013 MAC60TX<\/td><td>standard<\/td><td>optional<\/td><td>24.2<\/td><td>718<\/td><td>1300<\/td><td>1200<\/td><td>HEX<\/td><td>28 \u00d7 160<\/td><\/tr><tr><td>BB25 \u2013 MAC60TX<\/td><td>standard<\/td><td>optional<\/td><td>24.2<\/td><td>718<\/td><td>1300<\/td><td>1200<\/td><td>HEX<\/td><td>32 \u00d7 160<\/td><\/tr><\/tbody><\/table><\/figure>\n\n\n\n<div style=\"height:var(--wp--preset--spacing--10)\" aria-hidden=\"true\" class=\"wp-block-spacer\"><\/div>\n<\/div>\n<\/div>\n","protected":false},"excerpt":{"rendered":"<p>AIRGO este un echipament dezvoltat special pentru prevenirea TMS (Tulbur\u0103ri Musculo-Scheletice), frecvent \u00eent\u00e2lnite \u00een sectorul construc\u021biilor. Datorit\u0103 tehnologiei brevetate de reducere a vibra\u021biilor, amortizorului integrat \u0219i sistemelor de protec\u021bie pentru m\u00e2ini, ciocanul demolator AIRGO\u00ae se aliniaz\u0103 perfect demersului \u201eCaring for People\u201d ini\u021biat de MAC3. MAC3 Anti-vibra\u021bii Ciocanul MAC3 demolator antivibra\u021bii reduce nivelul vibra\u021biilor cu 70%. [&hellip;]<\/p>\n","protected":false},"author":1,"featured_media":0,"parent":0,"menu_order":0,"comment_status":"closed","ping_status":"closed","template":"","meta":{"footnotes":""},"class_list":["post-202","page","type-page","status-publish","hentry"],"_links":{"self":[{"href":"http:\/\/www.mac3.ro\/index.php?rest_route=\/wp\/v2\/pages\/202","targetHints":{"allow":["GET"]}}],"collection":[{"href":"http:\/\/www.mac3.ro\/index.php?rest_route=\/wp\/v2\/pages"}],"about":[{"href":"http:\/\/www.mac3.ro\/index.php?rest_route=\/wp\/v2\/types\/page"}],"author":[{"embeddable":true,"href":"http:\/\/www.mac3.ro\/index.php?rest_route=\/wp\/v2\/users\/1"}],"replies":[{"embeddable":true,"href":"http:\/\/www.mac3.ro\/index.php?rest_route=%2Fwp%2Fv2%2Fcomments&post=202"}],"version-history":[{"count":14,"href":"http:\/\/www.mac3.ro\/index.php?rest_route=\/wp\/v2\/pages\/202\/revisions"}],"predecessor-version":[{"id":223,"href":"http:\/\/www.mac3.ro\/index.php?rest_route=\/wp\/v2\/pages\/202\/revisions\/223"}],"wp:attachment":[{"href":"http:\/\/www.mac3.ro\/index.php?rest_route=%2Fwp%2Fv2%2Fmedia&parent=202"}],"curies":[{"name":"wp","href":"https:\/\/api.w.org\/{rel}","templated":true}]}}