{"id":226,"date":"2026-03-04T11:07:59","date_gmt":"2026-03-04T11:07:59","guid":{"rendered":"http:\/\/www.mac3.ro\/?page_id=226"},"modified":"2026-03-04T11:07:59","modified_gmt":"2026-03-04T11:07:59","slug":"ciocan-demolator-pneumatic-mac3","status":"publish","type":"page","link":"http:\/\/www.mac3.ro\/?page_id=226","title":{"rendered":"Ciocan demolator pneumatic MAC3"},"content":{"rendered":"\n<div class=\"wp-block-group alignfull has-accent-background-color has-background has-global-padding is-layout-constrained wp-container-core-group-is-layout-669513ed wp-block-group-is-layout-constrained\" style=\"margin-top:0;margin-bottom:0;padding-top:var(--wp--preset--spacing--50);padding-right:var(--wp--preset--spacing--50);padding-bottom:var(--wp--preset--spacing--50);padding-left:var(--wp--preset--spacing--50)\">\n<div class=\"wp-block-columns alignwide is-layout-flex wp-container-core-columns-is-layout-1da03c2a wp-block-columns-is-layout-flex\">\n<div class=\"wp-block-column is-vertically-aligned-stretch is-layout-flow wp-block-column-is-layout-flow\" style=\"flex-basis:50%\">\n<div class=\"wp-block-group is-vertical is-content-justification-stretch is-layout-flex wp-container-core-group-is-layout-444d5ee8 wp-block-group-is-layout-flex\" style=\"min-height:100%\">\n<h2 class=\"wp-block-heading\"><strong>Performan\u021b\u0103, fiabilitate \u0219i simplitate<\/strong><\/h2>\n\n\n\n<p class=\"has-heading-font-family has-x-large-font-size\" style=\"line-height:1.2\">MAC3 a dezvoltat o gam\u0103 larg\u0103 de ciocane demolatoare cu greut\u0103\u021bi cuprinse \u00eentre 15 \u0219i 40 kg. Apreciate de profesioni\u0219tii din domeniul construc\u021biilor pentru performan\u021bele, fiabilitatea \u0219i u\u0219urin\u021ba \u00een \u00eentre\u021binere,<\/p>\n<\/div>\n<\/div>\n\n\n\n<div class=\"wp-block-column is-vertically-aligned-center is-layout-flow wp-block-column-is-layout-flow\" style=\"flex-basis:50%\">\n<figure class=\"wp-block-image size-full is-resized is-style-rounded is-style-rounded--1\"><img loading=\"lazy\" decoding=\"async\" width=\"490\" height=\"368\" src=\"http:\/\/www.mac3.ro\/wp-content\/uploads\/2026\/03\/Screenshot_2026-02-24_131432-removebg-preview-edited.png\" alt=\"\" class=\"wp-image-227\" style=\"aspect-ratio:0.75;object-fit:cover;width:413px;height:auto\" srcset=\"http:\/\/www.mac3.ro\/wp-content\/uploads\/2026\/03\/Screenshot_2026-02-24_131432-removebg-preview-edited.png 490w, http:\/\/www.mac3.ro\/wp-content\/uploads\/2026\/03\/Screenshot_2026-02-24_131432-removebg-preview-edited-300x225.png 300w\" sizes=\"auto, (max-width: 490px) 100vw, 490px\" \/><\/figure>\n<\/div>\n<\/div>\n<\/div>\n\n\n\n<div class=\"wp-block-group alignfull has-base-background-color has-background has-global-padding is-layout-constrained wp-container-core-group-is-layout-d89aad35 wp-block-group-is-layout-constrained\" style=\"margin-top:0;margin-bottom:0;padding-top:var(--wp--preset--spacing--50);padding-right:var(--wp--preset--spacing--50);padding-bottom:var(--wp--preset--spacing--50);padding-left:var(--wp--preset--spacing--50)\">\n<div class=\"wp-block-columns alignwide is-layout-flex wp-container-core-columns-is-layout-549b0c86 wp-block-columns-is-layout-flex\">\n<div class=\"wp-block-column has-global-padding is-content-justification-left is-layout-constrained wp-container-core-column-is-layout-4f15e8fe wp-block-column-is-layout-constrained\" style=\"flex-basis:40%\">\n<figure class=\"wp-block-image size-full\"><img loading=\"lazy\" decoding=\"async\" width=\"300\" height=\"225\" src=\"http:\/\/www.mac3.ro\/wp-content\/uploads\/2026\/03\/Screenshot-2026-03-04-114340-edited.png\" alt=\"\" class=\"wp-image-231\"\/><\/figure>\n<\/div>\n\n\n\n<div class=\"wp-block-column is-layout-flow wp-container-core-column-is-layout-119bc444 wp-block-column-is-layout-flow\" style=\"flex-basis:60%\">\n<p class=\"has-heading-font-family has-x-large-font-size\" style=\"line-height:1.2\">Caracteristici<\/p>\n\n\n\n<div class=\"wp-block-columns is-layout-flex wp-container-core-columns-is-layout-87beb0d0 wp-block-columns-is-layout-flex\">\n<div class=\"wp-block-column is-layout-flow wp-block-column-is-layout-flow\">\n<p class=\"wp-container-content-9cfa9a5a\"><strong>Cilindru monobloc prelucrat din masiv<\/strong><\/p>\n\n\n\n<ul class=\"wp-block-list\">\n<li>Num\u0103r redus de piese solicitate<\/li>\n\n\n\n<li>Rezisten\u021b\u0103 mai bun\u0103 \u00een timp<\/li>\n\n\n\n<li>Optimizarea randamentului<\/li>\n<\/ul>\n\n\n\n<p><strong>O\u021bel tratat<\/strong><\/p>\n\n\n\n<ul class=\"wp-block-list\">\n<li>Optimizarea caracteristicilor mecanice<\/li>\n\n\n\n<li>Autolubrifiere \u00een timpul func\u021bion\u0103rii<\/li>\n<\/ul>\n\n\n\n<p><strong>Tratament de suprafa\u021b\u0103 prin zincare<\/strong><\/p>\n\n\n\n<p class=\"wp-container-content-9cfa9a5a\">Protec\u021bie anticoroziv\u0103 \u00eembun\u0103t\u0103\u021bit\u0103<\/p>\n<\/div>\n\n\n\n<div class=\"wp-block-column is-layout-flow wp-block-column-is-layout-flow\">\n<p><strong>Lovire direct\u0103 pe pern\u0103 de aer<\/strong><\/p>\n\n\n\n<ul class=\"wp-block-list\">\n<li>Fiabilitate \u0219i durat\u0103 de via\u021b\u0103 \u00eendelungat\u0103<\/li>\n\n\n\n<li>Confort \u00een utilizare<\/li>\n<\/ul>\n\n\n\n<p><strong>Distribu\u021bie u\u0219or accesibil\u0103<\/strong><\/p>\n\n\n\n<ul class=\"wp-block-list\">\n<li>\u00centre\u021binere facil\u0103<\/li>\n<\/ul>\n\n\n\n<p><strong>Sistem de prindere cu z\u0103vor<\/strong><\/p>\n\n\n\n<p>Siguran\u021b\u0103 pentru utilizatori<\/p>\n\n\n\n<p>Schimbare rapid\u0103 a uneltelor<\/p>\n<\/div>\n<\/div>\n<\/div>\n<\/div>\n<\/div>\n\n\n\n<div class=\"wp-block-group alignfull has-accent-5-background-color has-background has-global-padding is-layout-constrained wp-container-core-group-is-layout-d89aad35 wp-block-group-is-layout-constrained\" style=\"margin-top:0;margin-bottom:0;padding-top:var(--wp--preset--spacing--50);padding-right:var(--wp--preset--spacing--50);padding-bottom:var(--wp--preset--spacing--50);padding-left:var(--wp--preset--spacing--50)\">\n<div class=\"wp-block-columns alignwide is-layout-flex wp-container-core-columns-is-layout-1da03c2a wp-block-columns-is-layout-flex\">\n<div class=\"wp-block-column is-vertically-aligned-center is-layout-flow wp-block-column-is-layout-flow\" style=\"flex-basis:60%\">\n<figure class=\"wp-block-image size-full\"><img loading=\"lazy\" decoding=\"async\" width=\"426\" height=\"431\" src=\"http:\/\/www.mac3.ro\/wp-content\/uploads\/2026\/03\/image.png\" alt=\"\" class=\"wp-image-233\" srcset=\"http:\/\/www.mac3.ro\/wp-content\/uploads\/2026\/03\/image.png 426w, http:\/\/www.mac3.ro\/wp-content\/uploads\/2026\/03\/image-297x300.png 297w\" sizes=\"auto, (max-width: 426px) 100vw, 426px\" \/><\/figure>\n<\/div>\n\n\n\n<div class=\"wp-block-column is-layout-flow wp-block-column-is-layout-flow\" style=\"flex-basis:40%\">\n<h2 class=\"wp-block-heading\">Ciocan demolator<\/h2>\n\n\n\n<p>Ciocanul demolator din gama industriala MAC3 ofer\u0103 o economie de energie de 40% datorit\u0103 consumului redus de aer comprimat. <\/p>\n\n\n\n<p>! Cu 40% mai pu\u021bine piese \u00een mi\u0219care, asigur\u0103 o fiabilitate sporit\u0103.<\/p>\n\n\n\n<p>Designul s\u0103u \u0219i calitatea o\u021belului permit autolubrifierea, elimin\u00e2nd complet necesitatea utiliz\u0103rii unui lubrifiant pentru func\u021bionare.<\/p>\n<\/div>\n<\/div>\n<\/div>\n\n\n\n<div class=\"wp-block-group alignfull has-global-padding is-layout-constrained wp-container-core-group-is-layout-669513ed wp-block-group-is-layout-constrained\" style=\"margin-top:0;margin-bottom:0;padding-top:var(--wp--preset--spacing--50);padding-right:var(--wp--preset--spacing--50);padding-bottom:var(--wp--preset--spacing--50);padding-left:var(--wp--preset--spacing--50)\">\n<div class=\"wp-block-group is-vertical is-content-justification-center is-layout-flex wp-container-core-group-is-layout-ce155fab wp-block-group-is-layout-flex\">\n<h2 class=\"wp-block-heading has-text-align-center has-xx-large-font-size\">Aplica\u021bii<\/h2>\n<\/div>\n\n\n\n<div style=\"height:var(--wp--preset--spacing--30)\" aria-hidden=\"true\" class=\"wp-block-spacer\"><\/div>\n\n\n\n<div class=\"wp-block-columns alignwide is-layout-flex wp-container-core-columns-is-layout-4935966c wp-block-columns-is-layout-flex\" style=\"padding-right:0;padding-left:0\">\n<div class=\"wp-block-column is-layout-flow wp-block-column-is-layout-flow\">\n<figure class=\"wp-block-image size-full is-resized is-style-rounded is-style-rounded--2\"><img loading=\"lazy\" decoding=\"async\" width=\"432\" height=\"320\" src=\"http:\/\/www.mac3.ro\/wp-content\/uploads\/2026\/03\/Screenshot_2026-02-24_151954-removebg-preview.png\" alt=\"\" class=\"wp-image-236\" style=\"aspect-ratio:1;object-fit:cover;width:380px;height:auto\" srcset=\"http:\/\/www.mac3.ro\/wp-content\/uploads\/2026\/03\/Screenshot_2026-02-24_151954-removebg-preview.png 432w, http:\/\/www.mac3.ro\/wp-content\/uploads\/2026\/03\/Screenshot_2026-02-24_151954-removebg-preview-300x222.png 300w\" sizes=\"auto, (max-width: 432px) 100vw, 432px\" \/><\/figure>\n\n\n\n<div class=\"wp-block-group is-vertical is-content-justification-center is-nowrap is-layout-flex wp-container-core-group-is-layout-21d4e958 wp-block-group-is-layout-flex\">\n<p class=\"has-text-align-center has-small-font-size\"><br>\t\t\t\t\t<strong>ASFLAT<\/strong><\/p>\n<\/div>\n<\/div>\n\n\n\n<div class=\"wp-block-column is-layout-flow wp-block-column-is-layout-flow\">\n<figure class=\"wp-block-image size-full is-style-rounded is-style-rounded--3\"><img loading=\"lazy\" decoding=\"async\" width=\"422\" height=\"376\" src=\"http:\/\/www.mac3.ro\/wp-content\/uploads\/2026\/03\/Screenshot_2026-02-24_152002-removebg-preview.png\" alt=\"\" class=\"wp-image-237\" style=\"aspect-ratio:1;object-fit:cover\" srcset=\"http:\/\/www.mac3.ro\/wp-content\/uploads\/2026\/03\/Screenshot_2026-02-24_152002-removebg-preview.png 422w, http:\/\/www.mac3.ro\/wp-content\/uploads\/2026\/03\/Screenshot_2026-02-24_152002-removebg-preview-300x267.png 300w\" sizes=\"auto, (max-width: 422px) 100vw, 422px\" \/><\/figure>\n\n\n\n<div class=\"wp-block-group is-vertical is-content-justification-center is-nowrap is-layout-flex wp-container-core-group-is-layout-63bfd6c1 wp-block-group-is-layout-flex\">\n<p class=\"has-text-align-center has-small-font-size\"><strong>BETON<\/strong><\/p>\n<\/div>\n<\/div>\n\n\n\n<div class=\"wp-block-column is-layout-flow wp-block-column-is-layout-flow\">\n<figure class=\"wp-block-image size-full is-style-rounded is-style-rounded--4\"><img loading=\"lazy\" decoding=\"async\" width=\"426\" height=\"330\" src=\"http:\/\/www.mac3.ro\/wp-content\/uploads\/2026\/03\/Screenshot_2026-02-24_152007-removebg-preview.png\" alt=\"\" class=\"wp-image-238\" style=\"aspect-ratio:1;object-fit:cover\" srcset=\"http:\/\/www.mac3.ro\/wp-content\/uploads\/2026\/03\/Screenshot_2026-02-24_152007-removebg-preview.png 426w, http:\/\/www.mac3.ro\/wp-content\/uploads\/2026\/03\/Screenshot_2026-02-24_152007-removebg-preview-300x232.png 300w\" sizes=\"auto, (max-width: 426px) 100vw, 426px\" \/><\/figure>\n\n\n\n<div class=\"wp-block-group is-vertical is-content-justification-center is-nowrap is-layout-flex wp-container-core-group-is-layout-63bfd6c1 wp-block-group-is-layout-flex\">\n<p class=\"has-text-align-center has-small-font-size\"><strong>PIATR\u0102<\/strong><\/p>\n<\/div>\n<\/div>\n<\/div>\n<\/div>\n\n\n\n<div class=\"wp-block-group alignfull has-global-padding is-layout-constrained wp-container-core-group-is-layout-d89aad35 wp-block-group-is-layout-constrained\" style=\"margin-top:0;margin-bottom:0;padding-top:var(--wp--preset--spacing--50);padding-right:var(--wp--preset--spacing--50);padding-bottom:var(--wp--preset--spacing--50);padding-left:var(--wp--preset--spacing--50)\">\n<div class=\"wp-block-group alignwide has-base-2-background-color has-background is-layout-flow wp-block-group-is-layout-flow\" style=\"border-radius:16px;padding-top:var(--wp--preset--spacing--50);padding-right:var(--wp--preset--spacing--50);padding-bottom:var(--wp--preset--spacing--50);padding-left:var(--wp--preset--spacing--50)\">\n<p class=\"has-text-align-center\">Specifica\u021bii tehnice<\/p>\n\n\n\n<div style=\"height:var(--wp--preset--spacing--10)\" aria-hidden=\"true\" class=\"wp-block-spacer\"><\/div>\n\n\n\n<div class=\"wp-block-group alignwide is-content-justification-center is-layout-flex wp-container-core-group-is-layout-f95ffa09 wp-block-group-is-layout-flex\" style=\"padding-top:0;padding-right:0;padding-bottom:0;padding-left:0\">\n<figure class=\"wp-block-table\"><table class=\"has-fixed-layout\"><tbody><tr><td>model<\/td><td>atenuator<\/td><td>securizare<\/td><td>greutate (kg)<\/td><td>lungime (mm)<\/td><td>lovitur\/min<\/td><td>consum aer (l\/min)<\/td><td>tip prindere<\/td><td>unealt\u0103<\/td><\/tr><tr><td>BB15 &#8211; MAC40T<\/td><td>\u25cf<\/td><td>\u25cb<\/td><td>19.8<\/td><td>570<\/td><td>1300<\/td><td>1200<\/td><td>Hex<\/td><td>22 x 82<\/td><\/tr><tr><td>BB15 &#8211; MAC40T<\/td><td>\u25cf<\/td><td>\u25cb<\/td><td>20.2<\/td><td>596<\/td><td>1300<\/td><td>1200<\/td><td>Hex<\/td><td>25 x 108<\/td><\/tr><tr><td>BB27 &#8211; MAC60TS<\/td><td>\u25cf<\/td><td>\u25cb<\/td><td>26<\/td><td>704<\/td><td>1200<\/td><td>1200<\/td><td>Hex<\/td><td>28 x 160<\/td><\/tr><tr><td>BB27 &#8211; MAC60TS<\/td><td>\u25cf<\/td><td>\u25cb<\/td><td>26<\/td><td>704<\/td><td>1200<\/td><td>1200<\/td><td>Hex<\/td><td>32 x 160<\/td><\/tr><tr><td>BB32 &#8211; MAC60T<\/td><td>\u25cb<\/td><td>\u25cb<\/td><td>32<\/td><td>704<\/td><td>1150<\/td><td>1200<\/td><td>Hex<\/td><td>28 x 160<\/td><\/tr><tr><td>BB32 &#8211; MAC60T<\/td><td>\u25cb<\/td><td>\u25cb<\/td><td>32<\/td><td>704<\/td><td>1150<\/td><td>1200<\/td><td>Hex<\/td><td>32 x 160<\/td><\/tr><tr><td>BB40 &#8211; MAC90T<\/td><td><strong>\u25cb<\/strong><\/td><td>\u25cb<\/td><td>38<\/td><td>720<\/td><td>1100<\/td><td>1600<\/td><td>Hex<\/td><td>28 x 160<\/td><\/tr><tr><td>BB40 &#8211; MAC90T<\/td><td>\u25cb<\/td><td>\u25cb<\/td><td>38<\/td><td>720<\/td><td>1100<\/td><td>1600<\/td><td>Hex<\/td><td>32 x 160<\/td><\/tr><\/tbody><\/table><\/figure>\n<\/div>\n\n\n\n<p>\u25cb &#8211; op\u021biune<\/p>\n\n\n\n<p>\u25cf &#8211; standard<\/p>\n<\/div>\n<\/div>\n","protected":false},"excerpt":{"rendered":"<p>Performan\u021b\u0103, fiabilitate \u0219i simplitate MAC3 a dezvoltat o gam\u0103 larg\u0103 de ciocane demolatoare cu greut\u0103\u021bi cuprinse \u00eentre 15 \u0219i 40 kg. Apreciate de profesioni\u0219tii din domeniul construc\u021biilor pentru performan\u021bele, fiabilitatea \u0219i u\u0219urin\u021ba \u00een \u00eentre\u021binere, Caracteristici Cilindru monobloc prelucrat din masiv O\u021bel tratat Tratament de suprafa\u021b\u0103 prin zincare Protec\u021bie anticoroziv\u0103 \u00eembun\u0103t\u0103\u021bit\u0103 Lovire direct\u0103 pe pern\u0103 de [&hellip;]<\/p>\n","protected":false},"author":1,"featured_media":0,"parent":0,"menu_order":0,"comment_status":"closed","ping_status":"closed","template":"","meta":{"footnotes":""},"class_list":["post-226","page","type-page","status-publish","hentry"],"_links":{"self":[{"href":"http:\/\/www.mac3.ro\/index.php?rest_route=\/wp\/v2\/pages\/226","targetHints":{"allow":["GET"]}}],"collection":[{"href":"http:\/\/www.mac3.ro\/index.php?rest_route=\/wp\/v2\/pages"}],"about":[{"href":"http:\/\/www.mac3.ro\/index.php?rest_route=\/wp\/v2\/types\/page"}],"author":[{"embeddable":true,"href":"http:\/\/www.mac3.ro\/index.php?rest_route=\/wp\/v2\/users\/1"}],"replies":[{"embeddable":true,"href":"http:\/\/www.mac3.ro\/index.php?rest_route=%2Fwp%2Fv2%2Fcomments&post=226"}],"version-history":[{"count":13,"href":"http:\/\/www.mac3.ro\/index.php?rest_route=\/wp\/v2\/pages\/226\/revisions"}],"predecessor-version":[{"id":246,"href":"http:\/\/www.mac3.ro\/index.php?rest_route=\/wp\/v2\/pages\/226\/revisions\/246"}],"wp:attachment":[{"href":"http:\/\/www.mac3.ro\/index.php?rest_route=%2Fwp%2Fv2%2Fmedia&parent=226"}],"curies":[{"name":"wp","href":"https:\/\/api.w.org\/{rel}","templated":true}]}}