{"id":248,"date":"2026-03-04T13:51:35","date_gmt":"2026-03-04T13:51:35","guid":{"rendered":"http:\/\/www.mac3.ro\/?page_id=248"},"modified":"2026-03-04T13:51:35","modified_gmt":"2026-03-04T13:51:35","slug":"dalta-pneumatica-mac3","status":"publish","type":"page","link":"http:\/\/www.mac3.ro\/?page_id=248","title":{"rendered":"Dalt\u0103 pneumatic\u0103 MAC3"},"content":{"rendered":"\n<div class=\"wp-block-group alignfull has-accent-background-color has-background has-global-padding is-layout-constrained wp-container-core-group-is-layout-669513ed wp-block-group-is-layout-constrained\" style=\"margin-top:0;margin-bottom:0;padding-top:var(--wp--preset--spacing--50);padding-right:var(--wp--preset--spacing--50);padding-bottom:var(--wp--preset--spacing--50);padding-left:var(--wp--preset--spacing--50)\">\n<div class=\"wp-block-columns alignwide is-layout-flex wp-container-core-columns-is-layout-1da03c2a wp-block-columns-is-layout-flex\">\n<div class=\"wp-block-column is-vertically-aligned-stretch is-layout-flow wp-block-column-is-layout-flow\" style=\"flex-basis:50%\">\n<div class=\"wp-block-group is-vertical is-content-justification-stretch is-layout-flex wp-container-core-group-is-layout-444d5ee8 wp-block-group-is-layout-flex\" style=\"min-height:100%\">\n<p class=\"has-heading-font-family has-x-large-font-size\" style=\"line-height:1.2\">Ideale pentru lucr\u0103ri de demolare!<\/p>\n\n\n\n<h2 class=\"wp-block-heading\">Recunoscute pentru fiabilitatea \u0219i u\u0219urin\u021ba \u00een \u00eentre\u021binere, d\u0103l\u021bile pneumatice MAC3 sunt perfecte pentru toate lucr\u0103rile de demolare.<\/h2>\n\n\n\n<p><\/p>\n\n\n\n<div class=\"wp-block-group has-global-padding is-content-justification-left is-layout-constrained wp-container-core-group-is-layout-9fe8ed88 wp-block-group-is-layout-constrained\">\n<p><\/p>\n<\/div>\n<\/div>\n<\/div>\n\n\n\n<div class=\"wp-block-column is-vertically-aligned-center is-layout-flow wp-block-column-is-layout-flow\" style=\"flex-basis:50%\">\n<figure class=\"wp-block-image size-full is-style-rounded is-style-rounded--1\"><img loading=\"lazy\" decoding=\"async\" width=\"461\" height=\"346\" src=\"http:\/\/www.mac3.ro\/wp-content\/uploads\/2026\/03\/Screenshot_2026-02-24_132252-removebg-preview-edited.png\" alt=\"\" class=\"wp-image-250\" style=\"aspect-ratio:3\/4;object-fit:cover\" srcset=\"http:\/\/www.mac3.ro\/wp-content\/uploads\/2026\/03\/Screenshot_2026-02-24_132252-removebg-preview-edited.png 461w, http:\/\/www.mac3.ro\/wp-content\/uploads\/2026\/03\/Screenshot_2026-02-24_132252-removebg-preview-edited-300x225.png 300w\" sizes=\"auto, (max-width: 461px) 100vw, 461px\" \/><\/figure>\n<\/div>\n<\/div>\n<\/div>\n\n\n\n<div class=\"wp-block-group alignfull has-base-background-color has-background has-global-padding is-layout-constrained wp-container-core-group-is-layout-d89aad35 wp-block-group-is-layout-constrained\" style=\"margin-top:0;margin-bottom:0;padding-top:var(--wp--preset--spacing--50);padding-right:var(--wp--preset--spacing--50);padding-bottom:var(--wp--preset--spacing--50);padding-left:var(--wp--preset--spacing--50)\">\n<div class=\"wp-block-columns alignwide is-layout-flex wp-container-core-columns-is-layout-549b0c86 wp-block-columns-is-layout-flex\">\n<div class=\"wp-block-column has-global-padding is-content-justification-left is-layout-constrained wp-container-core-column-is-layout-4f15e8fe wp-block-column-is-layout-constrained\" style=\"flex-basis:40%\">\n<p><\/p>\n<\/div>\n\n\n\n<div class=\"wp-block-column is-layout-flow wp-container-core-column-is-layout-119bc444 wp-block-column-is-layout-flow\" style=\"flex-basis:60%\">\n<p class=\"has-heading-font-family has-x-large-font-size\" style=\"line-height:1.2\">Punctele forte ale daltei penumatice MAC3<\/p>\n\n\n\n<div class=\"wp-block-columns is-layout-flex wp-container-core-columns-is-layout-87beb0d0 wp-block-columns-is-layout-flex\">\n<div class=\"wp-block-column is-layout-flow wp-block-column-is-layout-flow\">\n<p class=\"wp-container-content-9cfa9a5a\"><strong>0% lubrifiant necesar pentru func\u021bionare<\/strong> \u2013 utilizare \u0219i \u00eentre\u021binere optimizate<\/p>\n\n\n\n<p><strong>100% siguran\u021b\u0103 pentru utilizatori<\/strong> \u2013 prindere cu z\u0103vor sau \u0219urub cu filet dublu<\/p>\n\n\n\n<p class=\"wp-container-content-9cfa9a5a\"><strong>30% optimizare a randamentului<\/strong> \u2013 datorit\u0103 procesului intern de fabrica\u021bie<\/p>\n\n\n\n<p><\/p>\n<\/div>\n<\/div>\n<\/div>\n<\/div>\n<\/div>\n\n\n\n<div class=\"wp-block-group alignfull has-accent-5-background-color has-background has-global-padding is-layout-constrained wp-container-core-group-is-layout-d89aad35 wp-block-group-is-layout-constrained\" style=\"margin-top:0;margin-bottom:0;padding-top:var(--wp--preset--spacing--50);padding-right:var(--wp--preset--spacing--50);padding-bottom:var(--wp--preset--spacing--50);padding-left:var(--wp--preset--spacing--50)\">\n<h2 class=\"wp-block-heading has-text-align-center\">Caracteristici<\/h2>\n\n\n\n<div class=\"wp-block-columns is-layout-flex wp-container-core-columns-is-layout-28f84493 wp-block-columns-is-layout-flex\">\n<div class=\"wp-block-column is-layout-flow wp-block-column-is-layout-flow\">\n<p><strong>Cilindru monobloc prelucrat din masiv<\/strong><\/p>\n\n\n\n<ul class=\"wp-block-list\">\n<li>Num\u0103r redus de piese solicitate<\/li>\n\n\n\n<li>Rezisten\u021b\u0103 superioar\u0103 \u00een timp<\/li>\n\n\n\n<li>Optimizarea randamentului<\/li>\n<\/ul>\n\n\n\n<p><strong>O\u021bel tratat<\/strong><\/p>\n\n\n\n<ul class=\"wp-block-list\">\n<li>Caracteristici mecanice optimizate<\/li>\n\n\n\n<li>Autolubrifiere \u00een timpul func\u021bion\u0103rii<\/li>\n<\/ul>\n\n\n\n<p><strong>Tratament de suprafa\u021b\u0103 prin zincare<\/strong><\/p>\n\n\n\n<ul class=\"wp-block-list\">\n<li>Protec\u021bie anticoroziv\u0103 \u00eembun\u0103t\u0103\u021bit\u0103<\/li>\n<\/ul>\n<\/div>\n\n\n\n<div class=\"wp-block-column is-layout-flow wp-block-column-is-layout-flow\">\n<p><strong>Lovire direct\u0103 pe pern\u0103 de aer<\/strong><\/p>\n\n\n\n<ul class=\"wp-block-list\">\n<li>Fiabilitate \u0219i durat\u0103 de via\u021b\u0103 \u00eendelungat\u0103<\/li>\n\n\n\n<li>Confort \u00een utilizare<\/li>\n<\/ul>\n\n\n\n<p><strong>Distribu\u021bie u\u0219or accesibil\u0103<\/strong><\/p>\n\n\n\n<ul class=\"wp-block-list\">\n<li>\u00centre\u021binere facil\u0103<\/li>\n<\/ul>\n\n\n\n<p><strong>Sistem de prindere cu \u0219urub cu filet dublu<\/strong><\/p>\n\n\n\n<ul class=\"wp-block-list\">\n<li>Schimbare rapid\u0103 a uneltelor<\/li>\n\n\n\n<li>Siguran\u021b\u0103 sporit\u0103 pentru utilizatori<\/li>\n<\/ul>\n<\/div>\n<\/div>\n<\/div>\n\n\n\n<div class=\"wp-block-group alignfull has-global-padding is-layout-constrained wp-container-core-group-is-layout-669513ed wp-block-group-is-layout-constrained\" style=\"margin-top:0;margin-bottom:0;padding-top:var(--wp--preset--spacing--50);padding-right:var(--wp--preset--spacing--50);padding-bottom:var(--wp--preset--spacing--50);padding-left:var(--wp--preset--spacing--50)\">\n<div class=\"wp-block-group is-vertical is-content-justification-center is-layout-flex wp-container-core-group-is-layout-ce155fab wp-block-group-is-layout-flex\">\n<h2 class=\"wp-block-heading has-text-align-center has-xx-large-font-size\">Aplica\u021bii<\/h2>\n<\/div>\n\n\n\n<div style=\"height:var(--wp--preset--spacing--30)\" aria-hidden=\"true\" class=\"wp-block-spacer\"><\/div>\n\n\n\n<div class=\"wp-block-columns alignwide is-layout-flex wp-container-core-columns-is-layout-4935966c wp-block-columns-is-layout-flex\" style=\"padding-right:0;padding-left:0\">\n<div class=\"wp-block-column is-layout-flow wp-block-column-is-layout-flow\">\n<figure class=\"wp-block-image size-full is-style-rounded is-style-rounded--2\"><img loading=\"lazy\" decoding=\"async\" width=\"425\" height=\"336\" src=\"http:\/\/www.mac3.ro\/wp-content\/uploads\/2026\/03\/Screenshot_2026-03-04_152459-removebg-preview-1.png\" alt=\"\" class=\"wp-image-259\" style=\"aspect-ratio:1;object-fit:cover\" srcset=\"http:\/\/www.mac3.ro\/wp-content\/uploads\/2026\/03\/Screenshot_2026-03-04_152459-removebg-preview-1.png 425w, http:\/\/www.mac3.ro\/wp-content\/uploads\/2026\/03\/Screenshot_2026-03-04_152459-removebg-preview-1-300x237.png 300w\" sizes=\"auto, (max-width: 425px) 100vw, 425px\" \/><\/figure>\n\n\n\n<div class=\"wp-block-group is-vertical is-content-justification-center is-nowrap is-layout-flex wp-container-core-group-is-layout-21d4e958 wp-block-group-is-layout-flex\">\n<p class=\"has-text-align-center has-small-font-size\"><strong>C\u0102R\u0102MID\u0102<\/strong><\/p>\n<\/div>\n<\/div>\n\n\n\n<div class=\"wp-block-column is-layout-flow wp-block-column-is-layout-flow\">\n<figure class=\"wp-block-image size-full is-style-rounded is-style-rounded--3\"><img loading=\"lazy\" decoding=\"async\" width=\"432\" height=\"358\" src=\"http:\/\/www.mac3.ro\/wp-content\/uploads\/2026\/03\/Screenshot_2026-03-04_152526-removebg-preview-1.png\" alt=\"\" class=\"wp-image-258\" style=\"aspect-ratio:1;object-fit:cover\" srcset=\"http:\/\/www.mac3.ro\/wp-content\/uploads\/2026\/03\/Screenshot_2026-03-04_152526-removebg-preview-1.png 432w, http:\/\/www.mac3.ro\/wp-content\/uploads\/2026\/03\/Screenshot_2026-03-04_152526-removebg-preview-1-300x249.png 300w\" sizes=\"auto, (max-width: 432px) 100vw, 432px\" \/><\/figure>\n\n\n\n<div class=\"wp-block-group is-vertical is-content-justification-center is-nowrap is-layout-flex wp-container-core-group-is-layout-63bfd6c1 wp-block-group-is-layout-flex\">\n<p class=\"has-text-align-center has-small-font-size\"><strong>BLOC DE BETON<\/strong><\/p>\n\n\n\n<p class=\"has-text-align-center has-small-font-size\"><\/p>\n<\/div>\n<\/div>\n\n\n\n<div class=\"wp-block-column is-layout-flow wp-block-column-is-layout-flow\">\n<figure class=\"wp-block-image size-full is-style-rounded is-style-rounded--4\"><img loading=\"lazy\" decoding=\"async\" width=\"422\" height=\"376\" src=\"http:\/\/www.mac3.ro\/wp-content\/uploads\/2026\/03\/Screenshot_2026-02-24_152002-removebg-preview-1.png\" alt=\"\" class=\"wp-image-256\" style=\"aspect-ratio:1;object-fit:cover\" srcset=\"http:\/\/www.mac3.ro\/wp-content\/uploads\/2026\/03\/Screenshot_2026-02-24_152002-removebg-preview-1.png 422w, http:\/\/www.mac3.ro\/wp-content\/uploads\/2026\/03\/Screenshot_2026-02-24_152002-removebg-preview-1-300x267.png 300w\" sizes=\"auto, (max-width: 422px) 100vw, 422px\" \/><\/figure>\n\n\n\n<div class=\"wp-block-group is-vertical is-content-justification-center is-nowrap is-layout-flex wp-container-core-group-is-layout-63bfd6c1 wp-block-group-is-layout-flex\">\n<p class=\"has-text-align-center has-small-font-size\"><strong>BETON<\/strong><\/p>\n\n\n\n<p class=\"has-text-align-center has-small-font-size\"><\/p>\n<\/div>\n<\/div>\n<\/div>\n<\/div>\n\n\n\n<div class=\"wp-block-group alignfull has-global-padding is-layout-constrained wp-container-core-group-is-layout-d89aad35 wp-block-group-is-layout-constrained\" style=\"margin-top:0;margin-bottom:0;padding-top:var(--wp--preset--spacing--50);padding-right:var(--wp--preset--spacing--50);padding-bottom:var(--wp--preset--spacing--50);padding-left:var(--wp--preset--spacing--50)\">\n<div class=\"wp-block-group alignwide has-base-2-background-color has-background is-layout-flow wp-block-group-is-layout-flow\" style=\"border-radius:16px;padding-top:var(--wp--preset--spacing--50);padding-right:var(--wp--preset--spacing--50);padding-bottom:var(--wp--preset--spacing--50);padding-left:var(--wp--preset--spacing--50)\">\n<p class=\"has-text-align-center\">Specifica\u021bii tehnice<\/p>\n\n\n\n<div style=\"height:var(--wp--preset--spacing--10)\" aria-hidden=\"true\" class=\"wp-block-spacer\"><\/div>\n\n\n\n<div class=\"wp-block-group alignwide is-content-justification-center is-layout-flex wp-container-core-group-is-layout-f95ffa09 wp-block-group-is-layout-flex\" style=\"padding-top:0;padding-right:0;padding-bottom:0;padding-left:0\">\n<figure class=\"wp-block-table\"><table class=\"has-fixed-layout\"><tbody><tr><td>model<\/td><td>sistem de prindere<\/td><td>greutate (kg)<\/td><td>lungime (mm)<\/td><td>caden\u021b\u0103 (BPM)<\/td><td>consum de aer<\/td><td>tip unealt\u0103<\/td><td>dimensiune unealt\u0103<\/td><\/tr><tr><td>P5<\/td><td>\u0218urub<\/td><td>5<\/td><td>354<\/td><td>2800<\/td><td>500<\/td><td>Hex<\/td><td>19 x 50<\/td><\/tr><tr><td>P5<\/td><td>\u0218urub<\/td><td>5.1<\/td><td>364<\/td><td>2800<\/td><td>500<\/td><td>Con<\/td><td>26\/16 x 70<\/td><\/tr><tr><td>P5<\/td><td>\u0218urub<\/td><td>6.2<\/td><td>392<\/td><td>2800<\/td><td>500<\/td><td>Rd<\/td><td>24 x 70<\/td><\/tr><tr><td>P7<\/td><td>\u0218urub<\/td><td>7<\/td><td>437<\/td><td>2200<\/td><td>900<\/td><td>Rd<\/td><td>24 x 70<\/td><\/tr><tr><td>P7<\/td><td>\u0218urub<\/td><td>6.8<\/td><td>422<\/td><td>2200<\/td><td>900<\/td><td>Rd<\/td><td>23 x 70<\/td><\/tr><tr><td>P7<\/td><td>\u0218urub<\/td><td>6.8<\/td><td>422<\/td><td>2200<\/td><td>900<\/td><td>RdHex<\/td><td>23 x 70<\/td><\/tr><tr><td>P7<\/td><td>\u0218urub<\/td><td>7<\/td><td>420<\/td><td>2200<\/td><td>900<\/td><td>Rd<\/td><td>19 x 50<\/td><\/tr><\/tbody><\/table><\/figure>\n<\/div>\n<\/div>\n<\/div>\n","protected":false},"excerpt":{"rendered":"<p>Ideale pentru lucr\u0103ri de demolare! Recunoscute pentru fiabilitatea \u0219i u\u0219urin\u021ba \u00een \u00eentre\u021binere, d\u0103l\u021bile pneumatice MAC3 sunt perfecte pentru toate lucr\u0103rile de demolare. Punctele forte ale daltei penumatice MAC3 0% lubrifiant necesar pentru func\u021bionare \u2013 utilizare \u0219i \u00eentre\u021binere optimizate 100% siguran\u021b\u0103 pentru utilizatori \u2013 prindere cu z\u0103vor sau \u0219urub cu filet dublu 30% optimizare a randamentului [&hellip;]<\/p>\n","protected":false},"author":1,"featured_media":0,"parent":0,"menu_order":0,"comment_status":"closed","ping_status":"closed","template":"","meta":{"footnotes":""},"class_list":["post-248","page","type-page","status-publish","hentry"],"_links":{"self":[{"href":"http:\/\/www.mac3.ro\/index.php?rest_route=\/wp\/v2\/pages\/248","targetHints":{"allow":["GET"]}}],"collection":[{"href":"http:\/\/www.mac3.ro\/index.php?rest_route=\/wp\/v2\/pages"}],"about":[{"href":"http:\/\/www.mac3.ro\/index.php?rest_route=\/wp\/v2\/types\/page"}],"author":[{"embeddable":true,"href":"http:\/\/www.mac3.ro\/index.php?rest_route=\/wp\/v2\/users\/1"}],"replies":[{"embeddable":true,"href":"http:\/\/www.mac3.ro\/index.php?rest_route=%2Fwp%2Fv2%2Fcomments&post=248"}],"version-history":[{"count":9,"href":"http:\/\/www.mac3.ro\/index.php?rest_route=\/wp\/v2\/pages\/248\/revisions"}],"predecessor-version":[{"id":264,"href":"http:\/\/www.mac3.ro\/index.php?rest_route=\/wp\/v2\/pages\/248\/revisions\/264"}],"wp:attachment":[{"href":"http:\/\/www.mac3.ro\/index.php?rest_route=%2Fwp%2Fv2%2Fmedia&parent=248"}],"curies":[{"name":"wp","href":"https:\/\/api.w.org\/{rel}","templated":true}]}}