{"id":266,"date":"2026-03-05T11:36:25","date_gmt":"2026-03-05T11:36:25","guid":{"rendered":"http:\/\/www.mac3.ro\/?page_id=266"},"modified":"2026-03-05T11:36:25","modified_gmt":"2026-03-05T11:36:25","slug":"aspirator-de-praf-pentru-scule-pneumatice-mac3","status":"publish","type":"page","link":"http:\/\/www.mac3.ro\/?page_id=266","title":{"rendered":"Aspirator de praf pentru scule pneumatice MAC3"},"content":{"rendered":"\n<div class=\"wp-block-group alignfull has-accent-background-color has-background has-global-padding is-layout-constrained wp-container-core-group-is-layout-669513ed wp-block-group-is-layout-constrained\" style=\"margin-top:0;margin-bottom:0;padding-top:var(--wp--preset--spacing--50);padding-right:var(--wp--preset--spacing--50);padding-bottom:var(--wp--preset--spacing--50);padding-left:var(--wp--preset--spacing--50)\">\n<div class=\"wp-block-columns alignwide is-layout-flex wp-container-core-columns-is-layout-1da03c2a wp-block-columns-is-layout-flex\">\n<div class=\"wp-block-column is-vertically-aligned-stretch is-layout-flow wp-block-column-is-layout-flow\" style=\"flex-basis:50%\">\n<div class=\"wp-block-group is-vertical is-content-justification-stretch is-layout-flex wp-container-core-group-is-layout-444d5ee8 wp-block-group-is-layout-flex\" style=\"min-height:100%\">\n<p class=\"has-heading-font-family has-x-large-font-size\" style=\"line-height:1.2\">Vacuum Dust Trapper (VDT) este un aspirator de praf adaptabil la toate pichetele \u0219i ciocanele demolatoare pneumatice existente pe pia\u021b\u0103 \u0219i func\u021bioneaz\u0103 exclusiv cu aer comprimat.<\/p>\n\n\n\n<div class=\"wp-block-group has-global-padding is-content-justification-left is-layout-constrained wp-container-core-group-is-layout-9fe8ed88 wp-block-group-is-layout-constrained\">\n<p class=\"wp-container-content-0733e5d0\">VDT ofer\u0103 o solu\u021bie fiabil\u0103 pentru reducerea durabil\u0103 a riscurilor asociate bolilor profesionale, f\u0103r\u0103 a diminua performan\u021ba de utilizare a sculelor pneumatice.<\/p>\n<\/div>\n<\/div>\n<\/div>\n\n\n\n<div class=\"wp-block-column is-vertically-aligned-center is-layout-flow wp-block-column-is-layout-flow\" style=\"flex-basis:50%\">\n<figure class=\"wp-block-image size-full is-resized is-style-rounded is-style-rounded--1\"><img loading=\"lazy\" decoding=\"async\" width=\"477\" height=\"358\" src=\"http:\/\/www.mac3.ro\/wp-content\/uploads\/2026\/03\/Screenshot_2026-02-24_133137-removebg-preview-edited.png\" alt=\"\" class=\"wp-image-269\" style=\"aspect-ratio:0.75;object-fit:cover;width:415px;height:auto\" srcset=\"http:\/\/www.mac3.ro\/wp-content\/uploads\/2026\/03\/Screenshot_2026-02-24_133137-removebg-preview-edited.png 477w, http:\/\/www.mac3.ro\/wp-content\/uploads\/2026\/03\/Screenshot_2026-02-24_133137-removebg-preview-edited-300x225.png 300w\" sizes=\"auto, (max-width: 477px) 100vw, 477px\" \/><\/figure>\n<\/div>\n<\/div>\n<\/div>\n\n\n\n<div class=\"wp-block-group alignfull has-base-background-color has-background has-global-padding is-layout-constrained wp-container-core-group-is-layout-d89aad35 wp-block-group-is-layout-constrained\" style=\"margin-top:0;margin-bottom:0;padding-top:var(--wp--preset--spacing--50);padding-right:var(--wp--preset--spacing--50);padding-bottom:var(--wp--preset--spacing--50);padding-left:var(--wp--preset--spacing--50)\">\n<div class=\"wp-block-columns alignwide is-layout-flex wp-container-core-columns-is-layout-549b0c86 wp-block-columns-is-layout-flex\">\n<div class=\"wp-block-column has-global-padding is-content-justification-left is-layout-constrained wp-container-core-column-is-layout-4f15e8fe wp-block-column-is-layout-constrained\" style=\"flex-basis:40%\">\n<p><\/p>\n\n\n\n<figure class=\"wp-block-image size-full\"><img loading=\"lazy\" decoding=\"async\" width=\"424\" height=\"424\" src=\"http:\/\/www.mac3.ro\/wp-content\/uploads\/2026\/03\/Screenshot-2026-03-05-133305-1-edited.png\" alt=\"\" class=\"wp-image-273\" srcset=\"http:\/\/www.mac3.ro\/wp-content\/uploads\/2026\/03\/Screenshot-2026-03-05-133305-1-edited.png 424w, http:\/\/www.mac3.ro\/wp-content\/uploads\/2026\/03\/Screenshot-2026-03-05-133305-1-edited-300x300.png 300w, http:\/\/www.mac3.ro\/wp-content\/uploads\/2026\/03\/Screenshot-2026-03-05-133305-1-edited-150x150.png 150w\" sizes=\"auto, (max-width: 424px) 100vw, 424px\" \/><\/figure>\n<\/div>\n\n\n\n<div class=\"wp-block-column is-layout-flow wp-container-core-column-is-layout-119bc444 wp-block-column-is-layout-flow\" style=\"flex-basis:60%\">\n<p class=\"has-heading-font-family has-x-large-font-size\" style=\"line-height:1.2\"><strong>VDT MAC3 \u2013 VACUUM DUST TRAPPER<\/strong><\/p>\n\n\n\n<div class=\"wp-block-columns is-layout-flex wp-container-core-columns-is-layout-87beb0d0 wp-block-columns-is-layout-flex\">\n<div class=\"wp-block-column is-layout-flow wp-block-column-is-layout-flow\">\n<p class=\"wp-container-content-9cfa9a5a\">Func\u021bioneaz\u0103 cu aer comprimat<\/p>\n\n\n\n<p>Sistem universal<\/p>\n\n\n\n<p>Filtru HEPA lavabil<\/p>\n\n\n\n<p>Sistem mobil \u0219i u\u0219or<\/p>\n\n\n\n<p>Consum redus de energie<\/p>\n\n\n\n<p class=\"wp-container-content-9cfa9a5a\">VDT este echipat cu amortizor de zgomot<\/p>\n<\/div>\n\n\n\n<div class=\"wp-block-column is-layout-flow wp-block-column-is-layout-flow\">\n<ul class=\"wp-block-list\">\n<li>Filtru lavabil \u00een ma\u0219ina de sp\u0103lat, conform standardului <strong>OSHA 1926.1153<\/strong><\/li>\n\n\n\n<li>Presiune: <strong>6 bar<\/strong><\/li>\n\n\n\n<li>Consum de aer: <strong>1 000 l\/min<\/strong><\/li>\n\n\n\n<li>Rezervor: <strong>20 litri<\/strong><\/li>\n\n\n\n<li>Racord: <strong>3\/4<\/strong><\/li>\n<\/ul>\n<\/div>\n<\/div>\n<\/div>\n<\/div>\n<\/div>\n\n\n\n<div class=\"wp-block-group alignfull has-global-padding is-layout-constrained wp-container-core-group-is-layout-669513ed wp-block-group-is-layout-constrained\" style=\"margin-top:0;margin-bottom:0;padding-top:var(--wp--preset--spacing--50);padding-right:var(--wp--preset--spacing--50);padding-bottom:var(--wp--preset--spacing--50);padding-left:var(--wp--preset--spacing--50)\">\n<div class=\"wp-block-group is-vertical is-content-justification-center is-layout-flex wp-container-core-group-is-layout-ce155fab wp-block-group-is-layout-flex\">\n<h2 class=\"wp-block-heading has-text-align-center has-xx-large-font-size\">CONCEPT<\/h2>\n\n\n\n<figure class=\"wp-block-embed is-type-video is-provider-youtube wp-block-embed-youtube wp-embed-aspect-16-9 wp-has-aspect-ratio\"><div class=\"wp-block-embed__wrapper\">\n<iframe loading=\"lazy\" title=\"VDT - Vacuum Dust Trapper system\" width=\"500\" height=\"281\" src=\"https:\/\/www.youtube.com\/embed\/bnK2VSfQtI0?feature=oembed\" frameborder=\"0\" allow=\"accelerometer; autoplay; clipboard-write; encrypted-media; gyroscope; picture-in-picture; web-share\" referrerpolicy=\"strict-origin-when-cross-origin\" allowfullscreen><\/iframe>\n<\/div><\/figure>\n<\/div>\n\n\n\n<div style=\"height:var(--wp--preset--spacing--30)\" aria-hidden=\"true\" class=\"wp-block-spacer\"><\/div>\n\n\n\n<div class=\"wp-block-columns alignwide is-layout-flex wp-container-core-columns-is-layout-4935966c wp-block-columns-is-layout-flex\" style=\"padding-right:0;padding-left:0\">\n<div class=\"wp-block-column is-layout-flow wp-block-column-is-layout-flow\">\n<figure class=\"wp-block-embed is-type-video is-provider-youtube wp-block-embed-youtube wp-embed-aspect-16-9 wp-has-aspect-ratio\"><div class=\"wp-block-embed__wrapper\">\n<iframe loading=\"lazy\" title=\"VDT - Vacuum Dust Trapper system\" width=\"500\" height=\"281\" src=\"https:\/\/www.youtube.com\/embed\/bnK2VSfQtI0?feature=oembed\" frameborder=\"0\" allow=\"accelerometer; autoplay; clipboard-write; encrypted-media; gyroscope; picture-in-picture; web-share\" referrerpolicy=\"strict-origin-when-cross-origin\" allowfullscreen><\/iframe>\n<\/div><\/figure>\n<\/div>\n\n\n\n<div class=\"wp-block-column is-layout-flow wp-block-column-is-layout-flow\">\n<div class=\"wp-block-group has-global-padding is-layout-constrained wp-block-group-is-layout-constrained\">\n<figure class=\"wp-block-image size-full\"><img loading=\"lazy\" decoding=\"async\" width=\"695\" height=\"385\" src=\"http:\/\/www.mac3.ro\/wp-content\/uploads\/2026\/03\/Screenshot-2026-03-05-134032.png\" alt=\"\" class=\"wp-image-275\" srcset=\"http:\/\/www.mac3.ro\/wp-content\/uploads\/2026\/03\/Screenshot-2026-03-05-134032.png 695w, http:\/\/www.mac3.ro\/wp-content\/uploads\/2026\/03\/Screenshot-2026-03-05-134032-300x166.png 300w\" sizes=\"auto, (max-width: 695px) 100vw, 695px\" \/><\/figure>\n\n\n\n<p class=\"has-text-align-center\">cu ASPIRATOR MAC3 VDT vs. f\u0103r\u0103 ASPIRATOR MAC3 VDT<\/p>\n<\/div>\n<\/div>\n<\/div>\n<\/div>\n\n\n\n<div class=\"wp-block-group alignfull has-global-padding is-layout-constrained wp-container-core-group-is-layout-d89aad35 wp-block-group-is-layout-constrained\" style=\"margin-top:0;margin-bottom:0;padding-top:var(--wp--preset--spacing--50);padding-right:var(--wp--preset--spacing--50);padding-bottom:var(--wp--preset--spacing--50);padding-left:var(--wp--preset--spacing--50)\">\n<div class=\"wp-block-columns alignwide are-vertically-aligned-center is-layout-flex wp-container-core-columns-is-layout-47c06fe3 wp-block-columns-is-layout-flex\">\n<div class=\"wp-block-column is-vertically-aligned-center is-layout-flow wp-block-column-is-layout-flow\" style=\"flex-basis:50%\">\n<h2 class=\"wp-block-heading\">Enhance your architectural journey with the \u00c9tudes Architect app.<\/h2>\n\n\n\n<ul style=\"line-height:1.75\" class=\"wp-block-list is-style-checkmark-list\">\n<li>Collaborate with fellow architects.<\/li>\n\n\n\n<li>Showcase your projects.<\/li>\n\n\n\n<li>Experience the world of architecture.<\/li>\n<\/ul>\n\n\n\n<div class=\"wp-block-buttons is-layout-flex wp-block-buttons-is-layout-flex\">\n<div class=\"wp-block-button\"><a class=\"wp-block-button__link wp-element-button\">Download app<\/a><\/div>\n\n\n\n<div class=\"wp-block-button is-style-outline is-style-outline--2\"><a class=\"wp-block-button__link wp-element-button\">How it works<\/a><\/div>\n<\/div>\n<\/div>\n\n\n\n<div class=\"wp-block-column is-vertically-aligned-center is-layout-flow wp-block-column-is-layout-flow\" style=\"flex-basis:50%\">\n<figure class=\"wp-block-image size-full is-style-rounded is-style-rounded--3\"><img decoding=\"async\" src=\"http:\/\/www.mac3.ro\/wp-content\/themes\/twentytwentyfour\/assets\/images\/abstract-geometric-art.webp\" alt=\"White abstract geometric artwork from Dresden, Germany\" style=\"aspect-ratio:4\/3;object-fit:cover\"\/><\/figure>\n<\/div>\n<\/div>\n<\/div>\n","protected":false},"excerpt":{"rendered":"<p>Vacuum Dust Trapper (VDT) este un aspirator de praf adaptabil la toate pichetele \u0219i ciocanele demolatoare pneumatice existente pe pia\u021b\u0103 \u0219i func\u021bioneaz\u0103 exclusiv cu aer comprimat. VDT ofer\u0103 o solu\u021bie fiabil\u0103 pentru reducerea durabil\u0103 a riscurilor asociate bolilor profesionale, f\u0103r\u0103 a diminua performan\u021ba de utilizare a sculelor pneumatice. VDT MAC3 \u2013 VACUUM DUST TRAPPER Func\u021bioneaz\u0103 [&hellip;]<\/p>\n","protected":false},"author":1,"featured_media":0,"parent":0,"menu_order":0,"comment_status":"closed","ping_status":"closed","template":"","meta":{"footnotes":""},"class_list":["post-266","page","type-page","status-publish","hentry"],"_links":{"self":[{"href":"http:\/\/www.mac3.ro\/index.php?rest_route=\/wp\/v2\/pages\/266","targetHints":{"allow":["GET"]}}],"collection":[{"href":"http:\/\/www.mac3.ro\/index.php?rest_route=\/wp\/v2\/pages"}],"about":[{"href":"http:\/\/www.mac3.ro\/index.php?rest_route=\/wp\/v2\/types\/page"}],"author":[{"embeddable":true,"href":"http:\/\/www.mac3.ro\/index.php?rest_route=\/wp\/v2\/users\/1"}],"replies":[{"embeddable":true,"href":"http:\/\/www.mac3.ro\/index.php?rest_route=%2Fwp%2Fv2%2Fcomments&post=266"}],"version-history":[{"count":7,"href":"http:\/\/www.mac3.ro\/index.php?rest_route=\/wp\/v2\/pages\/266\/revisions"}],"predecessor-version":[{"id":279,"href":"http:\/\/www.mac3.ro\/index.php?rest_route=\/wp\/v2\/pages\/266\/revisions\/279"}],"wp:attachment":[{"href":"http:\/\/www.mac3.ro\/index.php?rest_route=%2Fwp%2Fv2%2Fmedia&parent=266"}],"curies":[{"name":"wp","href":"https:\/\/api.w.org\/{rel}","templated":true}]}}