{"id":63,"date":"2025-10-20T11:50:30","date_gmt":"2025-10-20T11:50:30","guid":{"rendered":"http:\/\/www.mac3.ro\/?page_id=63"},"modified":"2025-10-20T12:05:41","modified_gmt":"2025-10-20T12:05:41","slug":"compresor-portabil-mac3-msp2000-3000","status":"publish","type":"page","link":"http:\/\/www.mac3.ro\/?page_id=63","title":{"rendered":"Compresor portabil MAC3 MSP2000-3000"},"content":{"rendered":"\n<div class=\"wp-block-group alignfull has-accent-background-color has-background has-global-padding is-layout-constrained wp-container-core-group-is-layout-669513ed wp-block-group-is-layout-constrained\" style=\"margin-top:0;margin-bottom:0;padding-top:var(--wp--preset--spacing--50);padding-right:var(--wp--preset--spacing--50);padding-bottom:var(--wp--preset--spacing--50);padding-left:var(--wp--preset--spacing--50)\">\n<div class=\"wp-block-columns alignwide is-layout-flex wp-container-core-columns-is-layout-1da03c2a wp-block-columns-is-layout-flex\">\n<div class=\"wp-block-column is-vertically-aligned-stretch is-layout-flow wp-block-column-is-layout-flow\" style=\"flex-basis:50%\">\n<div class=\"wp-block-group is-vertical is-content-justification-stretch is-layout-flex wp-container-core-group-is-layout-444d5ee8 wp-block-group-is-layout-flex\" style=\"min-height:100%\">\n<p class=\"has-heading-font-family has-x-large-font-size\" style=\"line-height:1.2\">Linia de compresoare MSP este recunoscut\u0103 de profesioni\u0219tii din construc\u021bii pentru fiabilitatea \u0219i performan\u021bele sale. <\/p>\n\n\n\n<div class=\"wp-block-group has-global-padding is-content-justification-left is-layout-constrained wp-container-core-group-is-layout-9fe8ed88 wp-block-group-is-layout-constrained\">\n<p class=\"wp-container-content-0733e5d0\">Personalizabile \u0219i adaptabile, modelele de compresoare oferite variaz\u0103 \u00eentre 2000 \u0219i 3000 l\/min \u0219i sunt proiectate at\u00e2t pentru zone reglementate (motorizare Stage V), c\u00e2t \u0219i pentru zone nereglementate.<\/p>\n<\/div>\n<\/div>\n<\/div>\n\n\n\n<div class=\"wp-block-column is-vertically-aligned-center is-layout-flow wp-block-column-is-layout-flow\" style=\"flex-basis:50%\">\n<figure class=\"wp-block-image size-large is-style-rounded is-style-rounded--1\"><img loading=\"lazy\" decoding=\"async\" width=\"2112\" height=\"1408\" src=\"http:\/\/www.mac3.ro\/wp-content\/uploads\/2025\/10\/MSP2500-1-edited-1.jpg\" alt=\"\" class=\"wp-image-67\" style=\"aspect-ratio:3\/4;object-fit:cover\" srcset=\"http:\/\/www.mac3.ro\/wp-content\/uploads\/2025\/10\/MSP2500-1-edited-1.jpg 2112w, http:\/\/www.mac3.ro\/wp-content\/uploads\/2025\/10\/MSP2500-1-edited-1-300x200.jpg 300w, http:\/\/www.mac3.ro\/wp-content\/uploads\/2025\/10\/MSP2500-1-edited-1-1024x683.jpg 1024w, http:\/\/www.mac3.ro\/wp-content\/uploads\/2025\/10\/MSP2500-1-edited-1-768x512.jpg 768w, http:\/\/www.mac3.ro\/wp-content\/uploads\/2025\/10\/MSP2500-1-edited-1-1536x1024.jpg 1536w, http:\/\/www.mac3.ro\/wp-content\/uploads\/2025\/10\/MSP2500-1-edited-1-2048x1365.jpg 2048w\" sizes=\"auto, (max-width: 2112px) 100vw, 2112px\" \/><\/figure>\n<\/div>\n<\/div>\n<\/div>\n\n\n\n<div class=\"wp-block-group alignfull has-base-2-background-color has-background has-global-padding is-layout-constrained wp-container-core-group-is-layout-669513ed wp-block-group-is-layout-constrained\" style=\"margin-top:0;margin-bottom:0;padding-top:var(--wp--preset--spacing--50);padding-right:var(--wp--preset--spacing--50);padding-bottom:var(--wp--preset--spacing--50);padding-left:var(--wp--preset--spacing--50)\">\n<div class=\"wp-block-group is-vertical is-content-justification-center is-layout-flex wp-container-core-group-is-layout-52b864f0 wp-block-group-is-layout-flex\">\n<p><strong>COMPRESOR DIESEL<\/strong><\/p>\n<\/div>\n\n\n\n<div style=\"margin-top:0;margin-bottom:0;height:var(--wp--preset--spacing--40)\" aria-hidden=\"true\" class=\"wp-block-spacer\"><\/div>\n\n\n\n<div class=\"wp-block-columns alignwide is-layout-flex wp-container-core-columns-is-layout-d0bbbce0 wp-block-columns-is-layout-flex\">\n<div class=\"wp-block-column is-layout-flow wp-container-core-column-is-layout-e3d1c41b wp-block-column-is-layout-flow\">\n<h3 class=\"wp-block-heading has-text-align-left is-style-asterisk has-body-font-family has-medium-font-size\" style=\"font-style:normal;font-weight:600\"><strong>PERFORMAN\u021a\u0102<\/strong><\/h3>\n\n\n\n<ul class=\"wp-block-list\">\n<li>motor<\/li>\n\n\n\n<li>design<\/li>\n\n\n\n<li>componente<\/li>\n<\/ul>\n<\/div>\n\n\n\n<div class=\"wp-block-column is-layout-flow wp-container-core-column-is-layout-e3d1c41b wp-block-column-is-layout-flow\">\n<h3 class=\"wp-block-heading has-text-align-left is-style-asterisk has-body-font-family has-medium-font-size\" style=\"font-style:normal;font-weight:600\"><strong>ERGONOMIE<\/strong><\/h3>\n\n\n\n<ul class=\"wp-block-list\">\n<li>compact<\/li>\n\n\n\n<li>u\u0219or de \u00eentre\u021binut \u0219i utilizat<\/li>\n<\/ul>\n<\/div>\n\n\n\n<div class=\"wp-block-column is-layout-flow wp-container-core-column-is-layout-e3d1c41b wp-block-column-is-layout-flow\">\n<h3 class=\"wp-block-heading has-text-align-left is-style-asterisk has-body-font-family has-medium-font-size\" style=\"font-style:normal;font-weight:600\"><strong>VERSATILITATE<\/strong><\/h3>\n\n\n\n<p class=\"has-text-align-left\"><strong>5 versiuni<\/strong><\/p>\n<\/div>\n<\/div>\n\n\n\n<div style=\"height:55px\" aria-hidden=\"true\" class=\"wp-block-spacer\"><\/div>\n\n\n\n<p class=\"has-text-align-center\"><strong>ECHIPAMENT<\/strong><\/p>\n\n\n\n<div class=\"wp-block-columns alignwide is-layout-flex wp-container-core-columns-is-layout-d0bbbce0 wp-block-columns-is-layout-flex\">\n<div class=\"wp-block-column is-layout-flow wp-container-core-column-is-layout-e3d1c41b wp-block-column-is-layout-flow\">\n<h3 class=\"wp-block-heading has-text-align-left is-style-asterisk has-body-font-family has-medium-font-size\" style=\"font-style:normal;font-weight:600\"><strong>MOTOR KUBOTA<\/strong><\/h3>\n\n\n\n<ul class=\"wp-block-list\">\n<li>Reglare progresiv\u0103 a debitului<\/li>\n\n\n\n<li>Sistem de pornire cu supape de aer \u00eenchise<\/li>\n<\/ul>\n<\/div>\n\n\n\n<div class=\"wp-block-column is-layout-flow wp-container-core-column-is-layout-e3d1c41b wp-block-column-is-layout-flow\">\n<h3 class=\"wp-block-heading has-text-align-left is-style-asterisk has-body-font-family has-medium-font-size\" style=\"font-style:normal;font-weight:600\"><strong>DESIGN \u0218I COMPONENTE PREMIUM<\/strong><\/h3>\n\n\n\n<ul class=\"wp-block-list\">\n<li>Design \u0219i componente premium<\/li>\n\n\n\n<li>Func\u021bionare la temperaturi ambientale ridicate- echipare standard<\/li>\n\n\n\n<li>Pomp\u0103 electric\u0103 de motorin\u0103<\/li>\n<\/ul>\n<\/div>\n\n\n\n<div class=\"wp-block-column is-layout-flow wp-container-core-column-is-layout-e3d1c41b wp-block-column-is-layout-flow\">\n<h3 class=\"wp-block-heading has-text-align-left is-style-asterisk has-body-font-family has-medium-font-size\" style=\"font-style:normal;font-weight:600\"><strong>ERGONOMIE<\/strong><\/h3>\n\n\n\n<ul class=\"wp-block-list\">\n<li>Cea mai compact\u0103 gam\u0103 de pe pia\u021b\u0103<\/li>\n\n\n\n<li>\u00centre\u021binere facil\u0103<\/li>\n\n\n\n<li>Panou de bord optimizat<\/li>\n<\/ul>\n<\/div>\n<\/div>\n\n\n\n<div class=\"wp-block-group alignfull has-base-2-background-color has-background has-global-padding is-layout-constrained wp-container-core-group-is-layout-669513ed wp-block-group-is-layout-constrained\" style=\"margin-top:0;margin-bottom:0;padding-top:var(--wp--preset--spacing--50);padding-right:var(--wp--preset--spacing--50);padding-bottom:var(--wp--preset--spacing--50);padding-left:var(--wp--preset--spacing--50)\">\n<div style=\"margin-top:0;margin-bottom:0;height:0px\" aria-hidden=\"true\" class=\"wp-block-spacer\"><\/div>\n\n\n\n<div style=\"height:var(--wp--preset--spacing--20)\" aria-hidden=\"true\" class=\"wp-block-spacer\"><\/div>\n<\/div>\n\n\n\n<h2 class=\"wp-block-heading\">Op\u021biuni<\/h2>\n\n\n\n<div style=\"height:41px\" aria-hidden=\"true\" class=\"wp-block-spacer\"><\/div>\n\n\n\n<figure class=\"wp-block-table\"><table class=\"has-fixed-layout\"><tbody><tr><td class=\"has-text-align-center\" data-align=\"center\"><strong>OP\u021aIUNE<\/strong><\/td><td class=\"has-text-align-center\" data-align=\"center\"><strong>STANDARD\/OP\u021aIONAL<\/strong><\/td><\/tr><tr><td class=\"has-text-align-center\" data-align=\"center\">\u0218ASIU F\u0102R\u0102 FR\u00c2N\u0102<\/td><td class=\"has-text-align-center\" data-align=\"center\">\u25cf<\/td><\/tr><tr><td class=\"has-text-align-center\" data-align=\"center\">BAR\u0102 DE TRAGERE AJUSTABIL\u0102<\/td><td class=\"has-text-align-center\" data-align=\"center\">\u25cf<\/td><\/tr><tr><td class=\"has-text-align-center\" data-align=\"center\">\u0218ASIU CU FR\u00c2N\u0102<\/td><td class=\"has-text-align-center\" data-align=\"center\">\u25cf<\/td><\/tr><tr><td class=\"has-text-align-center\" data-align=\"center\">INEL 68 x 42<\/td><td class=\"has-text-align-center\" data-align=\"center\">\u25cf<\/td><\/tr><tr><td class=\"has-text-align-center\" data-align=\"center\">CUPLU CU BIL\u0102<\/td><td class=\"has-text-align-center\" data-align=\"center\">\u25cb<\/td><\/tr><tr><td class=\"has-text-align-center\" data-align=\"center\">ALT ATA\u0218AMENT<\/td><td class=\"has-text-align-center\" data-align=\"center\">\u25cb<\/td><\/tr><tr><td class=\"has-text-align-center\" data-align=\"center\">ROAT\u0102 DE SPRIJIN (JOCKEY WHEEL)<\/td><td class=\"has-text-align-center\" data-align=\"center\">\u25cb<\/td><\/tr><tr><td class=\"has-text-align-center\" data-align=\"center\">CULOARE SPECIAL\u0102 (COD RAL)<\/td><td class=\"has-text-align-center\" data-align=\"center\">\u25cb<\/td><\/tr><tr><td class=\"has-text-align-center\" data-align=\"center\">UNG\u0102TOR INTEGRAT<\/td><td class=\"has-text-align-center\" data-align=\"center\">\u25cb<\/td><\/tr><tr><td class=\"has-text-align-center\" data-align=\"center\">UNG\u0102TOR EXTERN<\/td><td class=\"has-text-align-center\" data-align=\"center\">\u25cb<\/td><\/tr><tr><td class=\"has-text-align-center\" data-align=\"center\">SEPARATOR CENTRIFUGAL DE AP\u0102 INTEGRAT<\/td><td class=\"has-text-align-center\" data-align=\"center\">\u25cb<\/td><\/tr><tr><td class=\"has-text-align-center\" data-align=\"center\">SEPARATOR CENTRIFUGAL DE AP\u0102 EXTERN<\/td><td class=\"has-text-align-center\" data-align=\"center\">\u25cb<\/td><\/tr><tr><td class=\"has-text-align-center\" data-align=\"center\">REEL FURTUN (20 m)<\/td><td class=\"has-text-align-center\" data-align=\"center\">\u25cb<\/td><\/tr><tr><td class=\"has-text-align-center\" data-align=\"center\">RACITOR SUPLIMENTAR INCORPORAT CU SEPARATOR CENTRIFUGAL DE AP\u0102<\/td><td class=\"has-text-align-center\" data-align=\"center\">\u25cb<\/td><\/tr><tr><td class=\"has-text-align-center\" data-align=\"center\">ECHIPAMENT PENTRU RAFIN\u0102RIE<\/td><td class=\"has-text-align-center\" data-align=\"center\">\u25cb<\/td><\/tr><tr><td class=\"has-text-align-center\" data-align=\"center\">LUMINI RUTIERE \u2013 ZONE REGLEMENTATE<\/td><td class=\"has-text-align-center\" data-align=\"center\">\u25cf<\/td><\/tr><tr><td class=\"has-text-align-center\" data-align=\"center\">LUMINI RUTIERE \u2013 ZONE NEREGLEMENTATE<\/td><td class=\"has-text-align-center\" data-align=\"center\">\u25cb<\/td><\/tr><tr><td class=\"has-text-align-center\" data-align=\"center\">CERTIFICAT CE<\/td><td class=\"has-text-align-center\" data-align=\"center\">\u25cb<\/td><\/tr><\/tbody><\/table><\/figure>\n\n\n\n<h4 class=\"wp-block-heading has-text-align-center\"><strong>SPECIFICA\u021aII TEHNICE<\/strong><\/h4>\n\n\n\n<div style=\"height:22px\" aria-hidden=\"true\" class=\"wp-block-spacer\"><\/div>\n\n\n\n<figure class=\"wp-block-table\"><table class=\"has-fixed-layout\"><tbody><tr><td class=\"has-text-align-center\" data-align=\"center\"><strong>MODEL<\/strong><\/td><td class=\"has-text-align-center\" data-align=\"center\"><strong>PRESIUNE (BAR-PSI)<\/strong><\/td><td class=\"has-text-align-center\" data-align=\"center\"><strong>FLUX DE AER<\/strong><\/td><\/tr><tr><td class=\"has-text-align-center\" data-align=\"center\">MSP2000 (7 BAR)<\/td><td class=\"has-text-align-center\" data-align=\"center\">7-100<\/td><td class=\"has-text-align-center\" data-align=\"center\">2,1-74<\/td><\/tr><tr><td class=\"has-text-align-center\" data-align=\"center\">MSP2000 (8,5 BAR)<\/td><td class=\"has-text-align-center\" data-align=\"center\">8,5 &#8211; 123<\/td><td class=\"has-text-align-center\" data-align=\"center\">1,9-67<\/td><\/tr><tr><td class=\"has-text-align-center\" data-align=\"center\">MSP2000 (10 BAR)<\/td><td class=\"has-text-align-center\" data-align=\"center\">10 &#8211; 145<\/td><td class=\"has-text-align-center\" data-align=\"center\">1,8-65<\/td><\/tr><tr><td class=\"has-text-align-center\" data-align=\"center\">&#8211;<\/td><td class=\"has-text-align-center\" data-align=\"center\">&#8211;<\/td><td class=\"has-text-align-center\" data-align=\"center\">&#8211;<\/td><\/tr><tr><td class=\"has-text-align-center\" data-align=\"center\">MSP2500 (7 BAR)<\/td><td class=\"has-text-align-center\" data-align=\"center\">7-102<\/td><td class=\"has-text-align-center\" data-align=\"center\">2,5-90<\/td><\/tr><tr><td class=\"has-text-align-center\" data-align=\"center\">MSP2500 (8,5 BAR)<\/td><td class=\"has-text-align-center\" data-align=\"center\">8,5 &#8211; 123<\/td><td class=\"has-text-align-center\" data-align=\"center\">2,2-78<\/td><\/tr><tr><td class=\"has-text-align-center\" data-align=\"center\">MSP2500 (10 BAR)<\/td><td class=\"has-text-align-center\" data-align=\"center\">10-145<\/td><td class=\"has-text-align-center\" data-align=\"center\">2,0-71<\/td><\/tr><tr><td class=\"has-text-align-center\" data-align=\"center\">&#8211;<\/td><td class=\"has-text-align-center\" data-align=\"center\">&#8211;<\/td><td class=\"has-text-align-center\" data-align=\"center\">&#8211;<\/td><\/tr><tr><td class=\"has-text-align-center\" data-align=\"center\">MSP3000 ( 7 BAR)<\/td><td class=\"has-text-align-center\" data-align=\"center\">7-102<\/td><td class=\"has-text-align-center\" data-align=\"center\">2,9-105<\/td><\/tr><tr><td class=\"has-text-align-center\" data-align=\"center\">MSP3000 (8,5)<\/td><td class=\"has-text-align-center\" data-align=\"center\">8,5-123<\/td><td class=\"has-text-align-center\" data-align=\"center\">2,5-88<\/td><\/tr><tr><td class=\"has-text-align-center\" data-align=\"center\">MSP3000 (10 BAR)<\/td><td class=\"has-text-align-center\" data-align=\"center\">10-145<\/td><td class=\"has-text-align-center\" data-align=\"center\">2,1-74<\/td><\/tr><\/tbody><\/table><\/figure>\n\n\n\n<h4 class=\"wp-block-heading has-text-align-center\"><strong>Compresor \u00een carcas\u0103 STANDARD (<em>skid compressor<\/em>)<\/strong><\/h4>\n\n\n\n<figure class=\"wp-block-table\"><table class=\"has-fixed-layout\"><tbody><tr><td class=\"has-text-align-center\" data-align=\"center\"><strong>MODEL<\/strong><\/td><td class=\"has-text-align-center\" data-align=\"center\"><strong>GREUTATE (KG)<\/strong><\/td><td class=\"has-text-align-center\" data-align=\"center\"><strong>DIMENSIUNI (L x l x H)<\/strong> (mm)<\/td><\/tr><tr><td class=\"has-text-align-center\" data-align=\"center\">MSP2000 (7 BAR)<\/td><td class=\"has-text-align-center\" data-align=\"center\">458-1010<\/td><td class=\"has-text-align-center\" data-align=\"center\">1550 X 760 X 970<\/td><\/tr><tr><td class=\"has-text-align-center\" data-align=\"center\">MSP2000 (8,5 BAR)<\/td><td class=\"has-text-align-center\" data-align=\"center\">458-1010<\/td><td class=\"has-text-align-center\" data-align=\"center\">1550 X 760 X 970<\/td><\/tr><tr><td class=\"has-text-align-center\" data-align=\"center\">MSP2000 (10 BAR)<\/td><td class=\"has-text-align-center\" data-align=\"center\">458-1010<\/td><td class=\"has-text-align-center\" data-align=\"center\">1550 X 760 X 970<\/td><\/tr><tr><td class=\"has-text-align-center\" data-align=\"center\">&#8211;<\/td><td class=\"has-text-align-center\" data-align=\"center\">&#8211;<\/td><td class=\"has-text-align-center\" data-align=\"center\">&#8211;<\/td><\/tr><tr><td class=\"has-text-align-center\" data-align=\"center\">MSP2500 (7 BAR)<\/td><td class=\"has-text-align-center\" data-align=\"center\">461-1016<\/td><td class=\"has-text-align-center\" data-align=\"center\">1550 X 760 X 970<\/td><\/tr><tr><td class=\"has-text-align-center\" data-align=\"center\">MSP2500 (8,5 BAR)<\/td><td class=\"has-text-align-center\" data-align=\"center\">461-1016<\/td><td class=\"has-text-align-center\" data-align=\"center\">1550 X 760 X 970<\/td><\/tr><tr><td class=\"has-text-align-center\" data-align=\"center\">MSP2500 (10 BAR)<\/td><td class=\"has-text-align-center\" data-align=\"center\">461-1016<\/td><td class=\"has-text-align-center\" data-align=\"center\">1550 X 760 X 970<\/td><\/tr><tr><td class=\"has-text-align-center\" data-align=\"center\">MSP3000 (7 BAR)<\/td><td class=\"has-text-align-center\" data-align=\"center\">487-1074<\/td><td class=\"has-text-align-center\" data-align=\"center\">1550 X 760 X 970<\/td><\/tr><tr><td class=\"has-text-align-center\" data-align=\"center\">MSP3000 (8,5 BAR)<\/td><td class=\"has-text-align-center\" data-align=\"center\">487-1074<\/td><td class=\"has-text-align-center\" data-align=\"center\">1550 X 760 X 970<\/td><\/tr><tr><td class=\"has-text-align-center\" data-align=\"center\">MSP3000 (10 BAR)<\/td><td class=\"has-text-align-center\" data-align=\"center\">487-1074<\/td><td class=\"has-text-align-center\" data-align=\"center\">1550 X 760 X 970<\/td><\/tr><\/tbody><\/table><\/figure>\n\n\n\n<div style=\"height:38px\" aria-hidden=\"true\" class=\"wp-block-spacer\"><\/div>\n<\/div>\n","protected":false},"excerpt":{"rendered":"<p>Linia de compresoare MSP este recunoscut\u0103 de profesioni\u0219tii din construc\u021bii pentru fiabilitatea \u0219i performan\u021bele sale. Personalizabile \u0219i adaptabile, modelele de compresoare oferite variaz\u0103 \u00eentre 2000 \u0219i 3000 l\/min \u0219i sunt proiectate at\u00e2t pentru zone reglementate (motorizare Stage V), c\u00e2t \u0219i pentru zone nereglementate. COMPRESOR DIESEL PERFORMAN\u021a\u0102 ERGONOMIE VERSATILITATE 5 versiuni ECHIPAMENT MOTOR KUBOTA DESIGN \u0218I [&hellip;]<\/p>\n","protected":false},"author":1,"featured_media":0,"parent":0,"menu_order":0,"comment_status":"closed","ping_status":"closed","template":"","meta":{"footnotes":""},"class_list":["post-63","page","type-page","status-publish","hentry"],"_links":{"self":[{"href":"http:\/\/www.mac3.ro\/index.php?rest_route=\/wp\/v2\/pages\/63","targetHints":{"allow":["GET"]}}],"collection":[{"href":"http:\/\/www.mac3.ro\/index.php?rest_route=\/wp\/v2\/pages"}],"about":[{"href":"http:\/\/www.mac3.ro\/index.php?rest_route=\/wp\/v2\/types\/page"}],"author":[{"embeddable":true,"href":"http:\/\/www.mac3.ro\/index.php?rest_route=\/wp\/v2\/users\/1"}],"replies":[{"embeddable":true,"href":"http:\/\/www.mac3.ro\/index.php?rest_route=%2Fwp%2Fv2%2Fcomments&post=63"}],"version-history":[{"count":11,"href":"http:\/\/www.mac3.ro\/index.php?rest_route=\/wp\/v2\/pages\/63\/revisions"}],"predecessor-version":[{"id":83,"href":"http:\/\/www.mac3.ro\/index.php?rest_route=\/wp\/v2\/pages\/63\/revisions\/83"}],"wp:attachment":[{"href":"http:\/\/www.mac3.ro\/index.php?rest_route=%2Fwp%2Fv2%2Fmedia&parent=63"}],"curies":[{"name":"wp","href":"https:\/\/api.w.org\/{rel}","templated":true}]}}