{"id":84,"date":"2025-10-24T10:19:03","date_gmt":"2025-10-24T10:19:03","guid":{"rendered":"http:\/\/www.mac3.ro\/?page_id=84"},"modified":"2026-02-19T09:56:33","modified_gmt":"2026-02-19T09:56:33","slug":"compresor-mac3-msp4000-stage-v","status":"publish","type":"page","link":"http:\/\/www.mac3.ro\/?page_id=84","title":{"rendered":"Compresor de aer MAC3 MSP4000 Stage V"},"content":{"rendered":"\n<div class=\"wp-block-group alignfull has-accent-background-color has-background has-global-padding is-layout-constrained wp-container-core-group-is-layout-669513ed wp-block-group-is-layout-constrained\" style=\"margin-top:0;margin-bottom:0;padding-top:var(--wp--preset--spacing--50);padding-right:var(--wp--preset--spacing--50);padding-bottom:var(--wp--preset--spacing--50);padding-left:var(--wp--preset--spacing--50)\">\n<div class=\"wp-block-columns alignwide is-layout-flex wp-container-core-columns-is-layout-1da03c2a wp-block-columns-is-layout-flex\">\n<div class=\"wp-block-column is-vertically-aligned-stretch is-layout-flow wp-block-column-is-layout-flow\" style=\"flex-basis:50%\">\n<div class=\"wp-block-group is-vertical is-content-justification-stretch is-layout-flex wp-container-core-group-is-layout-444d5ee8 wp-block-group-is-layout-flex\" style=\"min-height:100%\">\n<p class=\"has-heading-font-family has-x-large-font-size\" style=\"line-height:1.2\"><strong>Compresor de aer Mac3 MSP4000 Stage V <\/strong><\/p>\n\n\n\n<p class=\"has-heading-font-family has-x-large-font-size\" style=\"line-height:1.2\">Control total \u0219i siguran\u021b\u0103 cu noul controller IP67!<\/p>\n\n\n\n<div class=\"wp-block-group has-global-padding is-content-justification-left is-layout-constrained wp-container-core-group-is-layout-9fe8ed88 wp-block-group-is-layout-constrained\">\n<p class=\"wp-container-content-0733e5d0\">Acest controller permite:<\/p>\n\n\n\n<ul class=\"wp-block-list\">\n<li>Afi\u0219are simpl\u0103 a informa\u021biilor esen\u021biale <em>(presiune, tura\u021bie etc.)<\/em><\/li>\n<\/ul>\n\n\n\n<ul class=\"wp-block-list\">\n<li>Gestionarea pornirii, oprire automat\u0103 \u0219i siguran\u021b\u0103<\/li>\n<\/ul>\n\n\n\n<ul class=\"wp-block-list\">\n<li>Monitorizarea \u00eentre\u021binerii<\/li>\n<\/ul>\n<\/div>\n<\/div>\n<\/div>\n\n\n\n<div class=\"wp-block-column is-vertically-aligned-center is-layout-flow wp-block-column-is-layout-flow\" style=\"flex-basis:50%\">\n<figure class=\"wp-block-image size-large is-style-rounded is-style-rounded--1\"><img loading=\"lazy\" decoding=\"async\" width=\"768\" height=\"1024\" src=\"http:\/\/www.mac3.ro\/wp-content\/uploads\/2025\/10\/07-3-768x1024.jpg\" alt=\"\" class=\"wp-image-88\" style=\"aspect-ratio:3\/4;object-fit:cover\" srcset=\"http:\/\/www.mac3.ro\/wp-content\/uploads\/2025\/10\/07-3-768x1024.jpg 768w, http:\/\/www.mac3.ro\/wp-content\/uploads\/2025\/10\/07-3-225x300.jpg 225w, http:\/\/www.mac3.ro\/wp-content\/uploads\/2025\/10\/07-3-1152x1536.jpg 1152w, http:\/\/www.mac3.ro\/wp-content\/uploads\/2025\/10\/07-3-1536x2048.jpg 1536w, http:\/\/www.mac3.ro\/wp-content\/uploads\/2025\/10\/07-3-scaled.jpg 1920w\" sizes=\"auto, (max-width: 768px) 100vw, 768px\" \/><\/figure>\n<\/div>\n<\/div>\n<\/div>\n\n\n\n<div class=\"wp-block-group is-vertical is-content-justification-center is-layout-flex wp-container-core-group-is-layout-52b864f0 wp-block-group-is-layout-flex\">\n<p><strong>CARACTERISTICI ECHIPAMENT  <\/strong><\/p>\n<\/div>\n\n\n\n<div style=\"margin-top:0;margin-bottom:0;height:var(--wp--preset--spacing--40)\" aria-hidden=\"true\" class=\"wp-block-spacer\"><\/div>\n\n\n\n<div class=\"wp-block-columns alignwide is-layout-flex wp-container-core-columns-is-layout-d0bbbce0 wp-block-columns-is-layout-flex\">\n<div class=\"wp-block-column is-layout-flow wp-container-core-column-is-layout-e3d1c41b wp-block-column-is-layout-flow\">\n<h3 class=\"wp-block-heading has-text-align-left is-style-asterisk has-body-font-family has-medium-font-size\" style=\"font-style:normal;font-weight:600\"><strong>MOTOR KUBOTA<\/strong><\/h3>\n\n\n\n<ul class=\"wp-block-list\">\n<li>Reglare progresiv\u0103 a debitului<\/li>\n\n\n\n<li>Sistem de pornire cu vana \u00eenchis\u0103<\/li>\n<\/ul>\n<\/div>\n\n\n\n<div class=\"wp-block-column is-layout-flow wp-container-core-column-is-layout-e3d1c41b wp-block-column-is-layout-flow\">\n<h3 class=\"wp-block-heading has-text-align-left is-style-asterisk has-body-font-family has-medium-font-size\" style=\"font-style:normal;font-weight:600\"><strong>COMPONENTE \u0218I DESIGN DE ULTIM\u0102 GENERA\u021aIE<\/strong><\/h3>\n\n\n\n<ul class=\"wp-block-list\">\n<li>Func\u021bionare la temperaturi ambientale ridicate<\/li>\n\n\n\n<li>Separare aer-ulei \u00een 3 etape<\/li>\n\n\n\n<li>Pomp\u0103 electric\u0103 de motorin\u0103<\/li>\n<\/ul>\n<\/div>\n\n\n\n<div class=\"wp-block-column is-layout-flow wp-container-core-column-is-layout-e3d1c41b wp-block-column-is-layout-flow\">\n<h3 class=\"wp-block-heading has-text-align-left is-style-asterisk has-body-font-family has-medium-font-size\" style=\"font-style:normal;font-weight:600\"><strong>ERGONOMIE PENTRU UTILIZARE \u0218I \u00ceNTRE\u021aINERE <\/strong><\/h3>\n\n\n\n<p class=\"has-text-align-left\">Cea mai compact\u0103 gam\u0103 de pe pia\u021b\u0103<\/p>\n\n\n\n<p>\u00centre\u021binere u\u0219oar\u0103<\/p>\n\n\n\n<p>Panou de bord optimizat<\/p>\n\n\n\n<p>Caroserie u\u0219or demontabil\u0103 pentru a facilita accesul la componente:<\/p>\n\n\n\n<ul class=\"wp-block-list\">\n<li>Panouri laterale demontabile<\/li>\n\n\n\n<li>Capot\u0103 rabatabil\u0103 cu amortizoare pe gaz \u0219i deta\u0219abil\u0103<\/li>\n<\/ul>\n\n\n\n<p class=\"has-text-align-left\">Op\u021bional: sisteme de drenaj la distan\u021b\u0103 \u0219i tav\u0103 de reten\u021bie<\/p>\n<\/div>\n<\/div>\n\n\n\n<div style=\"height:55px\" aria-hidden=\"true\" class=\"wp-block-spacer\"><\/div>\n\n\n\n<div style=\"height:42px\" aria-hidden=\"true\" class=\"wp-block-spacer\"><\/div>\n\n\n\n<p class=\"has-text-align-center\"><strong>OP\u021aIUNI<\/strong> pentru compresorul MAC3 MSP4000 Stage V<\/p>\n\n\n\n<div class=\"wp-block-columns alignwide is-layout-flex wp-container-core-columns-is-layout-d0bbbce0 wp-block-columns-is-layout-flex\">\n<div class=\"wp-block-column is-layout-flow wp-block-column-is-layout-flow\">\n<figure class=\"wp-block-table\"><table class=\"has-fixed-layout\"><tbody><tr><td class=\"has-text-align-center\" data-align=\"center\"><strong>OP\u021aIUNI<\/strong><\/td><td class=\"has-text-align-center\" data-align=\"center\"><strong>STANDARD\/OP\u021aIONAL<\/strong><\/td><\/tr><tr><td class=\"has-text-align-center\" data-align=\"center\">AX\u0102 F\u0102R\u0102 FR\u00c2N\u0102<\/td><td class=\"has-text-align-center\" data-align=\"center\">\u25cf<\/td><\/tr><tr><td class=\"has-text-align-center\" data-align=\"center\">AX\u0102 DE FR\u00c2N\u0102<\/td><td class=\"has-text-align-center\" data-align=\"center\">\u25cb<\/td><\/tr><tr><td class=\"has-text-align-center\" data-align=\"center\">PRO\u021aAP REGLABIL<\/td><td class=\"has-text-align-center\" data-align=\"center\">\u25cb<\/td><\/tr><tr><td class=\"has-text-align-center\" data-align=\"center\">CONTROLER IP67<\/td><td class=\"has-text-align-center\" data-align=\"center\">\u25cf<\/td><\/tr><tr><td class=\"has-text-align-center\" data-align=\"center\">INELE 68 X 42<\/td><td class=\"has-text-align-center\" data-align=\"center\">\u25cf<\/td><\/tr><tr><td class=\"has-text-align-center\" data-align=\"center\">CUPL\u0102 CU BIL\u0102<\/td><td class=\"has-text-align-center\" data-align=\"center\">\u25cb<\/td><\/tr><tr><td class=\"has-text-align-center\" data-align=\"center\">CUPL\u0102 ALTERNATIV\u0102<\/td><td class=\"has-text-align-center\" data-align=\"center\">\u25cb<\/td><\/tr><tr><td class=\"has-text-align-center\" data-align=\"center\">ROAT\u0102 DE SPRIJIN (JOCKEY WHEEL)<\/td><td class=\"has-text-align-center\" data-align=\"center\">\u25cb<\/td><\/tr><tr><td class=\"has-text-align-center\" data-align=\"center\">CULOARE SPECIALA<\/td><td class=\"has-text-align-center\" data-align=\"center\">\u25cb<\/td><\/tr><tr><td class=\"has-text-align-center\" data-align=\"center\">LUBRICANT INTEGRAT<\/td><td class=\"has-text-align-center\" data-align=\"center\">\u25cb<\/td><\/tr><tr><td class=\"has-text-align-center\" data-align=\"center\">LUBRICANT EXTERN<\/td><td class=\"has-text-align-center\" data-align=\"center\">\u25cb<\/td><\/tr><tr><td class=\"has-text-align-center\" data-align=\"center\">SEPARATOR CENTRIFUGAL DE AP\u0102 EXTERN<\/td><td class=\"has-text-align-center\" data-align=\"center\">\u25cb<\/td><\/tr><tr><td class=\"has-text-align-center\" data-align=\"center\">SEPARATOR DE AP\u0102 INTEGRAT<\/td><td class=\"has-text-align-center\" data-align=\"center\">\u25cb<\/td><\/tr><tr><td class=\"has-text-align-center\" data-align=\"center\">TUMBUR FURTUN (20 m)<\/td><td class=\"has-text-align-center\" data-align=\"center\">\u25cb<\/td><\/tr><tr><td class=\"has-text-align-center\" data-align=\"center\">R\u0102CITOR INTERMEDIAR INTEGRAT CU SEPARATOR CENTRIFUGAL DE AP\u0102<\/td><td class=\"has-text-align-center\" data-align=\"center\">\u25cb<\/td><\/tr><tr><td class=\"has-text-align-center\" data-align=\"center\">ECHIPAMENT PENTRU RAFIN\u0102RIE <strong>(1)<\/strong><\/td><td class=\"has-text-align-center\" data-align=\"center\">\u25cb<\/td><\/tr><\/tbody><\/table><\/figure>\n<\/div>\n<\/div>\n\n\n\n<p><strong>(1)<\/strong> <em>Op\u021biunea echipament pentru rafin\u0103rie include: un opritor de flac\u0103r\u0103 pe e\u0219apament, ad\u0103ugarea unui amortizor de zgomot, \u00eentreruperea pompei de injec\u021bie, un comutator de \u00eentrerupere a bateriei de 150A.<\/em><\/p>\n\n\n\n<p><strong>()**<\/strong><em> Incompatibil cu op\u021biunea de r\u0103citor final de aer comprimat.<\/em><\/p>\n\n\n\n<p>LEGEND\u0102:<\/p>\n\n\n\n<p>\u25cf = inclus standard<br>\u25cb = op\u021bional<\/p>\n\n\n\n<div class=\"wp-block-group alignfull has-base-2-background-color has-background has-global-padding is-layout-constrained wp-container-core-group-is-layout-669513ed wp-block-group-is-layout-constrained\" style=\"margin-top:0;margin-bottom:0;padding-top:var(--wp--preset--spacing--50);padding-right:var(--wp--preset--spacing--50);padding-bottom:var(--wp--preset--spacing--50);padding-left:var(--wp--preset--spacing--50)\">\n<div style=\"margin-top:0;margin-bottom:0;height:0px\" aria-hidden=\"true\" class=\"wp-block-spacer\"><\/div>\n\n\n\n<div style=\"height:var(--wp--preset--spacing--20)\" aria-hidden=\"true\" class=\"wp-block-spacer\"><\/div>\n<\/div>\n\n\n\n<h4 class=\"wp-block-heading has-text-align-center\"><strong>SPECIFICA\u021aII TEHNICE<\/strong><\/h4>\n\n\n\n<div style=\"height:22px\" aria-hidden=\"true\" class=\"wp-block-spacer\"><\/div>\n\n\n\n<figure class=\"wp-block-table\"><table class=\"has-fixed-layout\"><tbody><tr><td class=\"has-text-align-center\" data-align=\"center\"><strong>MODEL<\/strong><\/td><td class=\"has-text-align-center\" data-align=\"center\"><strong>PRESIUNE (BAR-PSI)<\/strong><\/td><\/tr><tr><td class=\"has-text-align-center\" data-align=\"center\">MSP4000 (7 BAR)<\/td><td class=\"has-text-align-center\" data-align=\"center\">7-100<\/td><\/tr><tr><td class=\"has-text-align-center\" data-align=\"center\">MSP4000 (8,5 BAR)<\/td><td class=\"has-text-align-center\" data-align=\"center\">8,5 &#8211; 123<\/td><\/tr><tr><td class=\"has-text-align-center\" data-align=\"center\">MSP4000 (10 BAR)<\/td><td class=\"has-text-align-center\" data-align=\"center\">10 &#8211; 145<\/td><\/tr><tr><td class=\"has-text-align-center\" data-align=\"center\">&#8212;<\/td><td class=\"has-text-align-center\" data-align=\"center\">&#8212;<\/td><\/tr><\/tbody><\/table><\/figure>\n\n\n\n<h4 class=\"wp-block-heading has-text-align-center\"><strong>Compresor \u00een carcas\u0103 (<em>skid compressor<\/em>)<\/strong><\/h4>\n\n\n\n<figure class=\"wp-block-table\"><table class=\"has-fixed-layout\"><tbody><tr><td class=\"has-text-align-center\" data-align=\"center\"><strong>GREUTATE (KG)<\/strong><\/td><td class=\"has-text-align-center\" data-align=\"center\"><strong>DIMENSIUNI (L x l x H)<\/strong> (mm)<\/td><\/tr><tr><td class=\"has-text-align-center\" data-align=\"center\">672<\/td><td class=\"has-text-align-center\" data-align=\"center\">1820 x 904 x 1205<\/td><\/tr><tr><td class=\"has-text-align-center\" data-align=\"center\">672<\/td><td class=\"has-text-align-center\" data-align=\"center\">1820 x 904 x 1205<\/td><\/tr><tr><td class=\"has-text-align-center\" data-align=\"center\">672<\/td><td class=\"has-text-align-center\" data-align=\"center\">1820 x 904 x 1205<\/td><\/tr><tr><td class=\"has-text-align-center\" data-align=\"center\">&#8212;<\/td><td class=\"has-text-align-center\" data-align=\"center\"><\/td><\/tr><\/tbody><\/table><\/figure>\n\n\n\n<p><\/p>\n","protected":false},"excerpt":{"rendered":"<p>Compresor de aer Mac3 MSP4000 Stage V Control total \u0219i siguran\u021b\u0103 cu noul controller IP67! Acest controller permite: CARACTERISTICI ECHIPAMENT MOTOR KUBOTA COMPONENTE \u0218I DESIGN DE ULTIM\u0102 GENERA\u021aIE ERGONOMIE PENTRU UTILIZARE \u0218I \u00ceNTRE\u021aINERE Cea mai compact\u0103 gam\u0103 de pe pia\u021b\u0103 \u00centre\u021binere u\u0219oar\u0103 Panou de bord optimizat Caroserie u\u0219or demontabil\u0103 pentru a facilita accesul la componente: [&hellip;]<\/p>\n","protected":false},"author":1,"featured_media":0,"parent":0,"menu_order":0,"comment_status":"closed","ping_status":"closed","template":"","meta":{"footnotes":""},"class_list":["post-84","page","type-page","status-publish","hentry"],"_links":{"self":[{"href":"http:\/\/www.mac3.ro\/index.php?rest_route=\/wp\/v2\/pages\/84","targetHints":{"allow":["GET"]}}],"collection":[{"href":"http:\/\/www.mac3.ro\/index.php?rest_route=\/wp\/v2\/pages"}],"about":[{"href":"http:\/\/www.mac3.ro\/index.php?rest_route=\/wp\/v2\/types\/page"}],"author":[{"embeddable":true,"href":"http:\/\/www.mac3.ro\/index.php?rest_route=\/wp\/v2\/users\/1"}],"replies":[{"embeddable":true,"href":"http:\/\/www.mac3.ro\/index.php?rest_route=%2Fwp%2Fv2%2Fcomments&post=84"}],"version-history":[{"count":13,"href":"http:\/\/www.mac3.ro\/index.php?rest_route=\/wp\/v2\/pages\/84\/revisions"}],"predecessor-version":[{"id":118,"href":"http:\/\/www.mac3.ro\/index.php?rest_route=\/wp\/v2\/pages\/84\/revisions\/118"}],"wp:attachment":[{"href":"http:\/\/www.mac3.ro\/index.php?rest_route=%2Fwp%2Fv2%2Fmedia&parent=84"}],"curies":[{"name":"wp","href":"https:\/\/api.w.org\/{rel}","templated":true}]}}